{"id":8931,"date":"2021-09-13T13:40:37","date_gmt":"2021-09-13T10:40:37","guid":{"rendered":"https:\/\/www.oryapark.com\/?page_id=8931"},"modified":"2021-09-13T13:47:00","modified_gmt":"2021-09-13T10:47:00","slug":"ziyaretci-aydinlatma-metni","status":"publish","type":"page","link":"https:\/\/www.oryapark.com\/tr_tr\/ziyaretci-aydinlatma-metni\/","title":{"rendered":"Z\u0130YARET\u00c7\u0130 AYDINLATMA METN\u0130"},"content":{"rendered":"<div class=\"vc_row wpb_row vc_row-fluid dt-default\" style=\"margin-top: 0px;margin-bottom: 0px\"><div class=\"wpb_column vc_column_container vc_col-sm-12\"><div class=\"vc_column-inner\"><div class=\"wpb_wrapper\"><div  class=\"vc_wp_text wpb_content_element\"><div class=\"widget widget_text\">\t\t\t<div class=\"textwidget\"><p><strong>ORYATA\u015e \u0130N\u015eAAT VE T\u0130C. A.\u015e.<\/strong><\/p>\n<p><strong>Z\u0130YARET\u00c7\u0130LER\u0130N K\u0130\u015e\u0130SEL VER\u0130LER\u0130N\u0130N \u0130\u015eLENMES\u0130NE \u0130L\u0130\u015eK\u0130N <\/strong><\/p>\n<p><strong>AYDINLATMA METN\u0130<\/strong><\/p>\n<p><strong>\u00a0<\/strong><\/p>\n<p>Ziyaret s\u00fcrecinizde de\u011ferli ziyaret\u00e7ilerimize ait birtak\u0131m ki\u015fisel verileri i\u015flemekteyiz. Ki\u015fisel verilerin i\u015flenme s\u00fcreci ve ziyaret\u00e7ilerimizin sahip oldu\u011fu haklar, i\u015fbu ayd\u0131nlatma metninde belirtilmi\u015ftir.<\/p>\n<p>&nbsp;<\/p>\n<h1>VER\u0130 SORUMLUSUNUN K\u0130ML\u0130\u011e\u0130<\/h1>\n<h1><\/h1>\n<p><strong>ORYATA\u015e \u0130N\u015eAAT VE T\u0130C. A.\u015e. <\/strong><strong>(\u201c\u015eirket\u201d) <\/strong>veri sorumlusu s\u0131fat\u0131yla hareket etmektedir.<\/p>\n<p>&nbsp;<\/p>\n<h1>\u0130\u015eLENEN K\u0130\u015e\u0130SEL VER\u0130LER, K\u0130\u015e\u0130SEL VER\u0130 \u0130\u015eLEME AMACI VE HUKUK\u0130 SEBEB\u0130<\/h1>\n<p><strong>\u00a0<\/strong><\/p>\n<table>\n<tbody>\n<tr>\n<td width=\"141\"><strong>\u0130\u015flenen Ki\u015fisel Veriler<\/strong><\/td>\n<td width=\"252\"><strong>\u00a0<\/strong><\/p>\n<p><strong>Ki\u015fisel Veri \u0130\u015flenme Amac\u0131<\/strong><\/td>\n<td width=\"211\"><strong>Hukuki Sebebi<\/strong><\/td>\n<\/tr>\n<tr>\n<td width=\"141\"><strong>Kimlik Bilgisi<\/strong><\/p>\n<p>(Ad, soyad\u0131)<\/td>\n<td rowspan=\"2\" width=\"252\">Ziyaret\u00e7i kay\u0131tlar\u0131n\u0131n olu\u015fturulmas\u0131 \u0130\u015f yeri g\u00fcvenli\u011finin sa\u011flanmas\u0131<\/p>\n<p>Talep ve \u015fikayetlerin y\u00f6netilmesi<\/p>\n<p>Yetkili kamu kurum ve kurulu\u015flar\u0131na, taleple ba\u011fl\u0131 \u015fekilde bilgi verilmesi<\/p>\n<p>Acil\u00a0\u00a0\u00a0 durum\u00a0\u00a0 y\u00f6netim\u00a0\u00a0\u00a0 s\u00fcre\u00e7lerinin y\u00fcr\u00fct\u00fclmesi<\/td>\n<td rowspan=\"4\" width=\"211\">\u0130lgili ki\u015finin temel hak ve \u00f6zg\u00fcrl\u00fcklerine\u00a0\u00a0\u00a0\u00a0\u00a0\u00a0\u00a0\u00a0\u00a0\u00a0\u00a0\u00a0\u00a0\u00a0\u00a0\u00a0\u00a0 zarar vermemek kayd\u0131yla, veri sorumlusunun\u00a0\u00a0\u00a0\u00a0\u00a0\u00a0\u00a0\u00a0\u00a0\u00a0\u00a0\u00a0\u00a0\u00a0\u00a0\u00a0 me\u015fru menfaatleri i\u00e7in veri i\u015flenmesinin zorunlu olmas\u0131<\/td>\n<\/tr>\n<tr>\n<td width=\"141\"><strong>\u0130leti\u015fim Bilgisi<\/strong><\/p>\n<p>(Telefon numaras\u0131)<\/td>\n<\/tr>\n<tr>\n<td width=\"141\"><strong>G\u00f6rsel ve \u0130\u015fitsel Bilgi<\/strong><\/p>\n<p>(Kamera kayd\u0131)<\/td>\n<td width=\"252\">\u0130\u015f yeri g\u00fcvenli\u011finin temini<\/p>\n<p>Talep ve \u015fikayetlerin y\u00f6netilmesi<\/p>\n<p>Ta\u015f\u0131n\u0131r mal ve kaynak g\u00fcvenli\u011finin takibi<\/p>\n<p>Yetkili kamu kurum ve kurulu\u015flar\u0131na, taleple ba\u011fl\u0131 \u015fekilde bilgi verilmesi<\/td>\n<\/tr>\n<tr>\n<td width=\"141\"><strong>Plaka Bilgisi<\/strong><\/p>\n<p>(Ara\u00e7 plaka bilgisi)<\/td>\n<td width=\"252\">Ziyaret\u00e7i kay\u0131tlar\u0131n\u0131n olu\u015fturulmas\u0131 ve takibi<\/td>\n<\/tr>\n<\/tbody>\n<\/table>\n<p><strong>\u00a0<\/strong><\/p>\n<p><strong>\u0130\u015eLENEN K\u0130\u015e\u0130SEL VER\u0130LER\u0130N K\u0130MLERE VE HANG\u0130 AMA\u00c7LA AKTARILACA\u011eI<\/strong><\/p>\n<p>\u0130\u015fledi\u011fimiz ki\u015fisel verileriniz yukar\u0131da say\u0131lan ama\u00e7lar dahilinde ve KVKK\u2019n\u0131n 8. ve 9. maddelerinin belirledi\u011fi ko\u015fullar \u00e7er\u00e7evesinde;<\/p>\n<p>&nbsp;<\/p>\n<ul>\n<li>Yetkili ve ilgili kamu kurum ve kurulu\u015flar\u0131n\u0131n talepleri ve yasal d\u00fczenlemeler do\u011frultusunda Emniyet G\u00fc\u00e7leri ba\u015fta olmak \u00fczere hukuken yetkili ve ilgili kamu kurum ve kurulu\u015flar\u0131na,<\/li>\n<li>Y\u00fcr\u00fct\u00fclen soru\u015fturma ve yap\u0131lan idari ve yasal i\u015flemlerle ilgili olarak denetleyici ve d\u00fczenleyici kamu kurum ve kurulu\u015flar\u0131na, otoritelere, g\u00fcvenlik ve istihbarat kurumlar\u0131na, adli makamlara ve emniyet te\u015fkilat\u0131na,<\/li>\n<li>Acil durum s\u00fcre\u00e7lerinin y\u00f6netilmesi amac\u0131yla ilgili sa\u011fl\u0131k kurum ve kurulu\u015flar\u0131na<\/li>\n<\/ul>\n<p>&nbsp;<\/p>\n<h1>K\u0130\u015e\u0130SEL VER\u0130 TOPLAMANIN Y\u00d6NTEM\u0130<\/h1>\n<h1><\/h1>\n<p>Ziyaret\u00e7ilerimize ait ki\u015fisel veriler; ziyaret\u00e7iler ile yap\u0131lan y\u00fcz y\u00fcze g\u00f6r\u00fc\u015fmeler ve kamera sistemleri vas\u0131tas\u0131yla toplanmaktad\u0131r.<\/p>\n<p>&nbsp;<\/p>\n<h1>\u0130LG\u0130L\u0130 K\u0130\u015e\u0130LER\u0130N 11. MADDEDE BEL\u0130RT\u0130LEN HAKLARI<\/h1>\n<h1><\/h1>\n<p>6698 say\u0131l\u0131 Kanunun 11. maddesi gere\u011fince her ilgili ki\u015fi; Veri Sorumlusuna Ba\u015fvuru Usul ve Esaslar\u0131 Hakk\u0131nda Tebli\u011f\u2019e uygun bir \u015fekilde \u015eirketimize ba\u015fvuruda bulunarak;<\/p>\n<p>&nbsp;<\/p>\n<ol>\n<li>Ki\u015fisel veri i\u015flenip i\u015flenmedi\u011fini \u00f6\u011frenme,<\/li>\n<li>Ki\u015fisel verileri i\u015flenmi\u015fse buna ili\u015fkin bilgi talep etme,<\/li>\n<li>Ki\u015fisel verilerin i\u015flenme amac\u0131n\u0131 ve bunlar\u0131n amac\u0131na uygun kullan\u0131l\u0131p kullan\u0131lmad\u0131\u011f\u0131n\u0131 \u00f6\u011frenme,<\/li>\n<\/ol>\n<p>\u00e7) \u00a0\u00a0\u00a0\u00a0Yurt i\u00e7inde veya yurt d\u0131\u015f\u0131nda ki\u015fisel verilerin aktar\u0131ld\u0131\u011f\u0131 \u00fc\u00e7\u00fcnc\u00fc ki\u015fileri bilme,<\/p>\n<ol>\n<li>Ki\u015fisel verilerin eksik veya yanl\u0131\u015f i\u015flenmi\u015f olmas\u0131 h\u00e2linde bunlar\u0131n d\u00fczeltilmesini isteme,<\/li>\n<li>KVKK\u2019n\u0131n 7. maddesinde \u00f6ng\u00f6r\u00fclen \u015fartlar \u00e7er\u00e7evesinde ki\u015fisel verilerin silinmesini veya yok edilmesini isteme,<\/li>\n<li>(d) ve (e) bentleri uyar\u0131nca yap\u0131lan i\u015flemlerin, ki\u015fisel verilerin aktar\u0131ld\u0131\u011f\u0131 \u00fc\u00e7\u00fcnc\u00fc ki\u015filere bildirilmesini isteme,<\/li>\n<li>\u0130\u015flenen verilerin m\u00fcnhas\u0131ran otomatik sistemler vas\u0131tas\u0131yla analiz edilmesi suretiyle ki\u015finin kendisi aleyhine bir sonucun ortaya \u00e7\u0131kmas\u0131na itiraz etme,<\/li>\n<\/ol>\n<p>\u011f) \u00a0\u00a0Ki\u015fisel verilerin kanuna ayk\u0131r\u0131 olarak i\u015flenmesi sebebiyle zarara u\u011framas\u0131 h\u00e2linde zarar\u0131n giderilmesini talep etme, haklar\u0131na sahiptir.<\/p>\n<p>&nbsp;<\/p>\n<p>\u0130lgili ki\u015finin talepleri en k\u0131sa s\u00fcrede ve nihayetinde en ge\u00e7 otuz (30) g\u00fcn i\u00e7erisinde \u00fccretsiz olarak de\u011ferlendirilip karara ba\u011flanacakt\u0131r. De\u011ferlendirme ve karar verme i\u015fleminin ayr\u0131ca bir maliyeti gerektirmesi durumunda Ki\u015fisel Verileri Koruma Kurulu taraf\u0131ndan belirlenen tarifedeki \u00fccret esas al\u0131nacakt\u0131r.<\/p>\n<p>\n<\/div>\n\t\t<\/div><\/div><\/div><\/div><\/div><\/div>\n","protected":false},"excerpt":{"rendered":"<p>ORYATA\u015e \u0130N\u015eAAT VE T\u0130C. A.\u015e. Z\u0130YARET\u00c7\u0130LER\u0130N K\u0130\u015e\u0130SEL VER\u0130LER\u0130N\u0130N \u0130\u015eLENMES\u0130NE \u0130L\u0130\u015eK\u0130N AYDINLATMA METN\u0130 \u00a0 Ziyaret s\u00fcrecinizde de\u011ferli ziyaret\u00e7ilerimize ait birtak\u0131m ki\u015fisel verileri i\u015flemekteyiz. Ki\u015fisel verilerin i\u015flenme s\u00fcreci ve ziyaret\u00e7ilerimizin sahip oldu\u011fu haklar, i\u015fbu ayd\u0131nlatma metninde belirtilmi\u015ftir. &nbsp; VER\u0130 SORUMLUSUNUN K\u0130ML\u0130\u011e\u0130 ORYATA\u015e \u0130N\u015eAAT VE T\u0130C. A.\u015e. (\u201c\u015eirket\u201d) veri sorumlusu s\u0131fat\u0131yla hareket etmektedir. &nbsp; \u0130\u015eLENEN K\u0130\u015e\u0130SEL VER\u0130LER, K\u0130\u015e\u0130SEL&hellip;<\/p>\n","protected":false},"author":6,"featured_media":0,"parent":0,"menu_order":0,"comment_status":"closed","ping_status":"closed","template":"","meta":[],"_links":{"self":[{"href":"https:\/\/www.oryapark.com\/tr_tr\/wp-json\/wp\/v2\/pages\/8931"}],"collection":[{"href":"https:\/\/www.oryapark.com\/tr_tr\/wp-json\/wp\/v2\/pages"}],"about":[{"href":"https:\/\/www.oryapark.com\/tr_tr\/wp-json\/wp\/v2\/types\/page"}],"author":[{"embeddable":true,"href":"https:\/\/www.oryapark.com\/tr_tr\/wp-json\/wp\/v2\/users\/6"}],"replies":[{"embeddable":true,"href":"https:\/\/www.oryapark.com\/tr_tr\/wp-json\/wp\/v2\/comments?post=8931"}],"version-history":[{"count":2,"href":"https:\/\/www.oryapark.com\/tr_tr\/wp-json\/wp\/v2\/pages\/8931\/revisions"}],"predecessor-version":[{"id":8940,"href":"https:\/\/www.oryapark.com\/tr_tr\/wp-json\/wp\/v2\/pages\/8931\/revisions\/8940"}],"wp:attachment":[{"href":"https:\/\/www.oryapark.com\/tr_tr\/wp-json\/wp\/v2\/media?parent=8931"}],"curies":[{"name":"wp","href":"https:\/\/api.w.org\/{rel}","templated":true}]}}