{"id":2003,"date":"2017-01-21T20:01:01","date_gmt":"2017-01-21T18:01:01","guid":{"rendered":"http:\/\/www.oryapark.com\/?page_id=2003"},"modified":"2019-11-28T00:21:24","modified_gmt":"2019-11-27T21:21:24","slug":"11-2","status":"publish","type":"page","link":"https:\/\/www.oryapark.com\/tr_tr\/11-2\/","title":{"rendered":"1+1"},"content":{"rendered":"<div class=\"vc_row wpb_row vc_row-fluid dt-default\" style=\"margin-top: 0px;margin-bottom: 0px\"><div class=\"wpb_column vc_column_container vc_col-sm-12\"><div class=\"vc_column-inner\"><div class=\"wpb_wrapper\"><div class=\"vc_empty_space\"\n\t  style=\"height: 125px\"><span class=\"vc_empty_space_inner\"><\/span><\/div>\n<\/div><\/div><\/div><\/div><div class=\"vc_row wpb_row vc_row-fluid dt-default\" style=\"margin-top: 0px;margin-bottom: 0px\"><div class=\"wpb_column vc_column_container vc_col-sm-12\"><div class=\"vc_column-inner\"><div class=\"wpb_wrapper\"><div id=\"ultimate-heading-81606a09b3edaf9c0\" class=\"uvc-heading ult-adjust-bottom-margin ultimate-heading-81606a09b3edaf9c0 uvc-6483 \" data-hspacer=\"line_only\"  data-halign=\"center\" style=\"text-align:center\"><div class=\"uvc-main-heading ult-responsive\"  data-ultimate-target='.uvc-heading.ultimate-heading-81606a09b3edaf9c0 h2'  data-responsive-json-new='{\"font-size\":\"desktop:130px;tablet:130px;tablet_portrait:110px;mobile_landscape:80px;mobile:56px;\",\"line-height\":\"desktop:130px;tablet:130px;tablet_portrait:130px;mobile_landscape:130px;mobile:130px;\"}' ><h2 style=\"font-weight:700;color:rgba(74,13,102,0.05);\">\u00d6ZELL\u0130KLER\u0130<\/h2><\/div><div class=\"uvc-sub-heading ult-responsive\"  data-ultimate-target='.uvc-heading.ultimate-heading-81606a09b3edaf9c0 .uvc-sub-heading '  data-responsive-json-new='{\"font-size\":\"desktop:23px;tablet:23px;tablet_portrait:23px;mobile_landscape:23px;mobile:18px;\",\"line-height\":\"desktop:34px;tablet:34px;tablet_portrait:34px;mobile_landscape:34px;mobile:23px;\"}'  style=\"font-weight:800;color:#4a2365;margin-top:-86px;\">1+1 T\u0130P 1<\/div><div class=\"uvc-heading-spacer line_only\" style=\"margin-top:5px;height:3px;\"><span class=\"uvc-headings-line\" style=\"border-style:solid;border-bottom-width:3px;border-color:#4b2668;width:70px;\"><\/span><\/div><\/div><div class=\"vc_empty_space\"\n\t  style=\"height: 100px\"><span class=\"vc_empty_space_inner\"><\/span><\/div>\n<div class=\"vc_row wpb_row vc_inner vc_row-fluid\"><div class=\"wpb_column vc_column_container vc_col-sm-8\"><div class=\"vc_column-inner\"><div class=\"wpb_wrapper\">\n\t<div  class=\"wpb_single_image wpb_content_element vc_align_left\">\n\t\t\n\t\t<figure class=\"wpb_wrapper vc_figure\">\n\t\t\t<div class=\"vc_single_image-wrapper   vc_box_border_grey\"><img width=\"763\" height=\"542\" src=\"https:\/\/www.oryapark.com\/wp-content\/uploads\/2017\/01\/ORYAPARK-11-Daire-Tip-1.png\" class=\"vc_single_image-img attachment-full\" alt=\"\" decoding=\"async\" loading=\"lazy\" srcset=\"https:\/\/www.oryapark.com\/wp-content\/uploads\/2017\/01\/ORYAPARK-11-Daire-Tip-1.png 763w, https:\/\/www.oryapark.com\/wp-content\/uploads\/2017\/01\/ORYAPARK-11-Daire-Tip-1-300x213.png 300w\" sizes=\"(max-width: 763px) 100vw, 763px\"  data-dt-location=\"https:\/\/www.oryapark.com\/tr_tr\/11-2\/oryapark-11-daire-tip-1\/\" \/><\/div>\n\t\t<\/figure>\n\t<\/div>\n<\/div><\/div><\/div><div class=\"wpb_column vc_column_container vc_col-sm-4\"><div class=\"vc_column-inner\"><div class=\"wpb_wrapper\"><div id=\"ultimate-heading-98496a09b3edb14f8\" class=\"uvc-heading ult-adjust-bottom-margin ultimate-heading-98496a09b3edb14f8 uvc-6864 \" data-hspacer=\"no_spacer\"  data-halign=\"left\" style=\"text-align:left\"><div class=\"uvc-heading-spacer no_spacer\" style=\"top\"><\/div><div class=\"uvc-main-heading ult-responsive\"  data-ultimate-target='.uvc-heading.ultimate-heading-98496a09b3edb14f8 h2'  data-responsive-json-new='{\"font-size\":\"desktop:20px;tablet:20px;tablet_portrait:20px;mobile_landscape:20px;mobile:16px;\",\"line-height\":\"desktop:35px;tablet:35px;tablet_portrait:35px;mobile_landscape:25px;mobile:20px;\"}' ><h2 style=\"font-weight:700;color:#4a0d66;\">METREKARELER<\/h2><\/div><div class=\"uvc-sub-heading ult-responsive\"  data-ultimate-target='.uvc-heading.ultimate-heading-98496a09b3edb14f8 .uvc-sub-heading '  data-responsive-json-new='{\"font-size\":\"desktop:13px;tablet:13px;tablet_portrait:13px;mobile_landscape:13px;mobile:12px;\",\"line-height\":\"desktop:19px;tablet:19px;tablet_portrait:19px;mobile_landscape:19px;mobile:17px;\"}'  style=\"font-weight:normal;color:#000000;margin-bottom:10px;\"><\/p>\n<table border=\"0\" width=\"200\">\n<tbody>\n<tr>\n<td><strong>BR\u00dcT<\/strong><\/td>\n<td><strong>: 92.68 m\u00b2 \u2013 92.71 m\u00b2<\/strong><\/td>\n<\/tr>\n<tr>\n<td><b>NET<\/b><\/td>\n<td><strong>: 61.60 m\u00b2 \u2013 62.42 m\u00b2<\/strong><\/td>\n<\/tr>\n<\/tbody>\n<\/table>\n<p>&nbsp;<\/p>\n<table style=\"height: 279px;\" border=\"0\" width=\"252\">\n<tbody>\n<tr>\n<td><strong>SALON<\/strong><\/td>\n<td><strong>: <\/strong><strong>19.88 m\u00b2<\/strong><\/td>\n<\/tr>\n<tr>\n<td><strong>G\u0130R\u0130\u015e HOL\u00dc + MUTFAK<\/strong><\/td>\n<td><strong>: 13.54 m\u00b2<\/strong><\/td>\n<\/tr>\n<tr>\n<td><strong>KOR\u0130DOR<\/strong><\/td>\n<td><strong>:\u00a0<\/strong><strong>2.85 m\u00b2<\/strong><\/td>\n<\/tr>\n<tr>\n<td><strong>YATAK ODASI<\/strong><\/td>\n<td><strong>:\u00a0<\/strong><strong>20.29 m\u00b2<\/strong><\/td>\n<\/tr>\n<tr>\n<td><strong>BANYO<\/strong><\/td>\n<td><strong>:\u00a0<\/strong><strong>4.64 m\u00b2<\/strong><\/td>\n<\/tr>\n<tr>\n<td><strong>\u00c7AMA\u015eIR ODASI<\/strong><\/td>\n<td><strong>: 2.03 m\u00b2<\/strong><\/td>\n<\/tr>\n<\/tbody>\n<\/table>\n<p><\/div><\/div><\/div><\/div><\/div><\/div><div class=\"vc_empty_space\"\n\t  style=\"height: 100px\"><span class=\"vc_empty_space_inner\"><\/span><\/div>\n<div id=\"ultimate-heading-90046a09b3edb17fe\" class=\"uvc-heading ult-adjust-bottom-margin ultimate-heading-90046a09b3edb17fe uvc-4638 \" data-hspacer=\"line_only\"  data-halign=\"center\" style=\"text-align:center\"><div class=\"uvc-sub-heading ult-responsive\"  data-ultimate-target='.uvc-heading.ultimate-heading-90046a09b3edb17fe .uvc-sub-heading '  data-responsive-json-new='{\"font-size\":\"desktop:23px;tablet:23px;tablet_portrait:23px;mobile_landscape:23px;mobile:18px;\",\"line-height\":\"desktop:34px;tablet:34px;tablet_portrait:34px;mobile_landscape:34px;mobile:23px;\"}'  style=\"font-weight:800;color:#4a2365;margin-top:-86px;\">1+1 T\u0130P 2<\/div><div class=\"uvc-heading-spacer line_only\" style=\"margin-top:5px;height:3px;\"><span class=\"uvc-headings-line\" style=\"border-style:solid;border-bottom-width:3px;border-color:#4b2668;width:70px;\"><\/span><\/div><\/div><div class=\"vc_empty_space\"\n\t  style=\"height: 100px\"><span class=\"vc_empty_space_inner\"><\/span><\/div>\n<div class=\"vc_row wpb_row vc_inner vc_row-fluid\"><div class=\"wpb_column vc_column_container vc_col-sm-8\"><div class=\"vc_column-inner\"><div class=\"wpb_wrapper\">\n\t<div  class=\"wpb_single_image wpb_content_element vc_align_left\">\n\t\t\n\t\t<figure class=\"wpb_wrapper vc_figure\">\n\t\t\t<div class=\"vc_single_image-wrapper   vc_box_border_grey\"><img width=\"763\" height=\"542\" src=\"https:\/\/www.oryapark.com\/wp-content\/uploads\/2016\/12\/ORYAPARK-11-Daire-Tip2.jpg\" class=\"vc_single_image-img attachment-full\" alt=\"\" decoding=\"async\" loading=\"lazy\" srcset=\"https:\/\/www.oryapark.com\/wp-content\/uploads\/2016\/12\/ORYAPARK-11-Daire-Tip2.jpg 763w, https:\/\/www.oryapark.com\/wp-content\/uploads\/2016\/12\/ORYAPARK-11-Daire-Tip2-300x213.jpg 300w\" sizes=\"(max-width: 763px) 100vw, 763px\"  data-dt-location=\"https:\/\/www.oryapark.com\/tr_tr\/project\/11\/oryapark-11-daire-tip2\/\" \/><\/div>\n\t\t<\/figure>\n\t<\/div>\n<\/div><\/div><\/div><div class=\"wpb_column vc_column_container vc_col-sm-4\"><div class=\"vc_column-inner\"><div class=\"wpb_wrapper\"><div id=\"ultimate-heading-36606a09b3edb2da9\" class=\"uvc-heading ult-adjust-bottom-margin ultimate-heading-36606a09b3edb2da9 uvc-2763 \" data-hspacer=\"no_spacer\"  data-halign=\"left\" style=\"text-align:left\"><div class=\"uvc-heading-spacer no_spacer\" style=\"top\"><\/div><div class=\"uvc-main-heading ult-responsive\"  data-ultimate-target='.uvc-heading.ultimate-heading-36606a09b3edb2da9 h2'  data-responsive-json-new='{\"font-size\":\"desktop:20px;tablet:20px;tablet_portrait:20px;mobile_landscape:20px;mobile:16px;\",\"line-height\":\"desktop:35px;tablet:35px;tablet_portrait:35px;mobile_landscape:25px;mobile:20px;\"}' ><h2 style=\"font-weight:700;color:#4a0d66;\">METREKARELER<\/h2><\/div><div class=\"uvc-sub-heading ult-responsive\"  data-ultimate-target='.uvc-heading.ultimate-heading-36606a09b3edb2da9 .uvc-sub-heading '  data-responsive-json-new='{\"font-size\":\"desktop:13px;tablet:13px;tablet_portrait:13px;mobile_landscape:13px;mobile:12px;\",\"line-height\":\"desktop:19px;tablet:19px;tablet_portrait:19px;mobile_landscape:19px;mobile:17px;\"}'  style=\"font-weight:normal;color:#000000;margin-bottom:10px;\"><\/p>\n<table border=\"0\" width=\"252\">\n<tbody>\n<tr>\n<td><strong>BR\u00dcT<\/strong><\/td>\n<td><strong>: 88,14 m\u00b2<\/strong><\/td>\n<\/tr>\n<tr>\n<td><strong>NET<\/strong><\/td>\n<td><strong>: 59.45 m\u00b2 \u2013 59,72 m\u00b2<\/strong><\/td>\n<\/tr>\n<\/tbody>\n<\/table>\n<p>&nbsp;<\/p>\n<table border=\"0\" width=\"254\">\n<tbody>\n<tr>\n<td><strong>SALON<\/strong><\/td>\n<td><strong>:\u00a0<\/strong><strong>19.88 m\u00b2<\/strong><\/td>\n<\/tr>\n<tr>\n<td><strong>G\u0130R\u0130\u015e HOL\u00dc + MUTFAK<\/strong><\/td>\n<td><strong>: 13.14 m\u00b2<\/strong><\/td>\n<\/tr>\n<tr>\n<td><strong>KOR\u0130DOR<\/strong><\/td>\n<td><strong>:\u00a0<\/strong><strong>2.32 m\u00b2<\/strong><\/td>\n<\/tr>\n<tr>\n<td><strong>YATAK ODASI<\/strong><\/td>\n<td><strong>: 17<\/strong><strong>.30 m\u00b2<\/strong><\/td>\n<\/tr>\n<tr>\n<td><strong>BANYO<\/strong><\/td>\n<td><strong>: 5.<\/strong><strong>04 m\u00b2<\/strong><\/td>\n<\/tr>\n<tr>\n<td><strong>\u00c7AMA\u015eIR ODASI<\/strong><\/td>\n<td><strong>: 1.77 m\u00b2<\/strong><\/td>\n<\/tr>\n<\/tbody>\n<\/table>\n<p><\/div><\/div><\/div><\/div><\/div><\/div><div class=\"vc_empty_space\"\n\t  style=\"height: 100px\"><span class=\"vc_empty_space_inner\"><\/span><\/div>\n<div id=\"ultimate-heading-86206a09b3edb30ad\" class=\"uvc-heading ult-adjust-bottom-margin ultimate-heading-86206a09b3edb30ad uvc-8946 \" data-hspacer=\"line_only\"  data-halign=\"center\" style=\"text-align:center\"><div class=\"uvc-sub-heading ult-responsive\"  data-ultimate-target='.uvc-heading.ultimate-heading-86206a09b3edb30ad .uvc-sub-heading '  data-responsive-json-new='{\"font-size\":\"desktop:23px;tablet:23px;tablet_portrait:23px;mobile_landscape:23px;mobile:18px;\",\"line-height\":\"desktop:34px;tablet:34px;tablet_portrait:34px;mobile_landscape:34px;mobile:23px;\"}'  style=\"font-weight:800;color:#4a2365;margin-top:-86px;\">1+1 T\u0130P\u00a03<\/div><div class=\"uvc-heading-spacer line_only\" style=\"margin-top:5px;height:3px;\"><span class=\"uvc-headings-line\" style=\"border-style:solid;border-bottom-width:3px;border-color:#4b2668;width:70px;\"><\/span><\/div><\/div><div class=\"vc_empty_space\"\n\t  style=\"height: 100px\"><span class=\"vc_empty_space_inner\"><\/span><\/div>\n<div class=\"vc_row wpb_row vc_inner vc_row-fluid\"><div class=\"wpb_column vc_column_container vc_col-sm-8\"><div class=\"vc_column-inner\"><div class=\"wpb_wrapper\">\n\t<div  class=\"wpb_single_image wpb_content_element vc_align_left\">\n\t\t\n\t\t<figure class=\"wpb_wrapper vc_figure\">\n\t\t\t<div class=\"vc_single_image-wrapper   vc_box_border_grey\"><img width=\"763\" height=\"691\" src=\"https:\/\/www.oryapark.com\/wp-content\/uploads\/2016\/12\/ORYAPARK-11-Daire-Tip3.jpg\" class=\"vc_single_image-img attachment-full\" alt=\"\" decoding=\"async\" loading=\"lazy\" srcset=\"https:\/\/www.oryapark.com\/wp-content\/uploads\/2016\/12\/ORYAPARK-11-Daire-Tip3.jpg 763w, https:\/\/www.oryapark.com\/wp-content\/uploads\/2016\/12\/ORYAPARK-11-Daire-Tip3-300x272.jpg 300w\" sizes=\"(max-width: 763px) 100vw, 763px\"  data-dt-location=\"https:\/\/www.oryapark.com\/tr_tr\/project\/11\/oryapark-11-daire-tip3\/\" \/><\/div>\n\t\t<\/figure>\n\t<\/div>\n<\/div><\/div><\/div><div class=\"wpb_column vc_column_container vc_col-sm-4\"><div class=\"vc_column-inner\"><div class=\"wpb_wrapper\"><div id=\"ultimate-heading-67326a09b3edb45f5\" class=\"uvc-heading ult-adjust-bottom-margin ultimate-heading-67326a09b3edb45f5 uvc-2241 \" data-hspacer=\"no_spacer\"  data-halign=\"left\" style=\"text-align:left\"><div class=\"uvc-heading-spacer no_spacer\" style=\"top\"><\/div><div class=\"uvc-main-heading ult-responsive\"  data-ultimate-target='.uvc-heading.ultimate-heading-67326a09b3edb45f5 h2'  data-responsive-json-new='{\"font-size\":\"desktop:20px;tablet:20px;tablet_portrait:20px;mobile_landscape:20px;mobile:16px;\",\"line-height\":\"desktop:35px;tablet:35px;tablet_portrait:35px;mobile_landscape:25px;mobile:20px;\"}' ><h2 style=\"font-weight:700;color:#4a0d66;\">METREKARELER<\/h2><\/div><div class=\"uvc-sub-heading ult-responsive\"  data-ultimate-target='.uvc-heading.ultimate-heading-67326a09b3edb45f5 .uvc-sub-heading '  data-responsive-json-new='{\"font-size\":\"desktop:13px;tablet:13px;tablet_portrait:13px;mobile_landscape:13px;mobile:12px;\",\"line-height\":\"desktop:19px;tablet:19px;tablet_portrait:19px;mobile_landscape:19px;mobile:12px;\"}'  style=\"font-weight:normal;color:#000000;margin-bottom:10px;\"><\/p>\n<table border=\"0\" width=\"252\">\n<tbody>\n<tr>\n<td><strong>BR\u00dcT<\/strong><\/td>\n<td><strong>: 81.70 m\u00b2 \u2013 82.00 m\u00b2<\/strong><\/td>\n<\/tr>\n<tr>\n<td><strong>NET<\/strong><\/td>\n<td><strong>: 53.98 m\u00b2 \u2013 54.14 m\u00b2<\/strong><\/td>\n<\/tr>\n<\/tbody>\n<\/table>\n<p>&nbsp;<\/p>\n<table border=\"0\" width=\"254\">\n<tbody>\n<tr>\n<td><strong>SALON+MUTFAK<\/strong><\/td>\n<td><strong>:\u00a0<\/strong><strong>30.87 m\u00b2<\/strong><\/td>\n<\/tr>\n<tr>\n<td><strong>KOR\u0130DOR<\/strong><\/td>\n<td><strong>:\u00a0<\/strong><strong>2.03 m\u00b2<\/strong><\/td>\n<\/tr>\n<tr>\n<td><strong>YATAK ODASI<\/strong><\/td>\n<td><strong>: 16<\/strong><strong>.25 m\u00b2<\/strong><\/td>\n<\/tr>\n<tr>\n<td><strong>BANYO<\/strong><\/td>\n<td><strong>: 4.<\/strong><strong>84 m\u00b2<\/strong><\/td>\n<\/tr>\n<\/tbody>\n<\/table>\n<p><\/div><\/div><\/div><\/div><\/div><\/div><div class=\"vc_empty_space\"\n\t  style=\"height: 100px\"><span class=\"vc_empty_space_inner\"><\/span><\/div>\n<div id=\"ultimate-heading-99266a09b3edb48ec\" class=\"uvc-heading ult-adjust-bottom-margin ultimate-heading-99266a09b3edb48ec uvc-3371 \" data-hspacer=\"line_only\"  data-halign=\"center\" style=\"text-align:center\"><div class=\"uvc-sub-heading ult-responsive\"  data-ultimate-target='.uvc-heading.ultimate-heading-99266a09b3edb48ec .uvc-sub-heading '  data-responsive-json-new='{\"font-size\":\"desktop:23px;tablet:23px;tablet_portrait:23px;mobile_landscape:23px;mobile:18px;\",\"line-height\":\"desktop:34px;tablet:34px;tablet_portrait:34px;mobile_landscape:34px;mobile:23px;\"}'  style=\"font-weight:800;color:#4a2365;margin-top:-86px;\">1+1 \u00c7ALI\u015eMA ODALI<\/div><div class=\"uvc-heading-spacer line_only\" style=\"margin-top:5px;height:3px;\"><span class=\"uvc-headings-line\" style=\"border-style:solid;border-bottom-width:3px;border-color:#4b2668;width:70px;\"><\/span><\/div><\/div><div class=\"vc_empty_space\"\n\t  style=\"height: 100px\"><span class=\"vc_empty_space_inner\"><\/span><\/div>\n<div class=\"vc_row wpb_row vc_inner vc_row-fluid\"><div class=\"wpb_column vc_column_container vc_col-sm-8\"><div class=\"vc_column-inner\"><div class=\"wpb_wrapper\">\n\t<div  class=\"wpb_single_image wpb_content_element vc_align_left\">\n\t\t\n\t\t<figure class=\"wpb_wrapper vc_figure\">\n\t\t\t<div class=\"vc_single_image-wrapper   vc_box_border_grey\"><img width=\"763\" height=\"542\" src=\"https:\/\/www.oryapark.com\/wp-content\/uploads\/2017\/01\/ORYAPARK-11-Daire-Calisma-Odali.jpg\" class=\"vc_single_image-img attachment-full\" alt=\"\" decoding=\"async\" loading=\"lazy\" srcset=\"https:\/\/www.oryapark.com\/wp-content\/uploads\/2017\/01\/ORYAPARK-11-Daire-Calisma-Odali.jpg 763w, https:\/\/www.oryapark.com\/wp-content\/uploads\/2017\/01\/ORYAPARK-11-Daire-Calisma-Odali-300x213.jpg 300w\" sizes=\"(max-width: 763px) 100vw, 763px\"  data-dt-location=\"https:\/\/www.oryapark.com\/tr_tr\/11-2\/oryapark-11-daire-calisma-odali\/\" \/><\/div>\n\t\t<\/figure>\n\t<\/div>\n<\/div><\/div><\/div><div class=\"wpb_column vc_column_container vc_col-sm-4\"><div class=\"vc_column-inner\"><div class=\"wpb_wrapper\"><div id=\"ultimate-heading-53006a09b3edb5e54\" class=\"uvc-heading ult-adjust-bottom-margin ultimate-heading-53006a09b3edb5e54 uvc-3382 \" data-hspacer=\"no_spacer\"  data-halign=\"left\" style=\"text-align:left\"><div class=\"uvc-heading-spacer no_spacer\" style=\"top\"><\/div><div class=\"uvc-main-heading ult-responsive\"  data-ultimate-target='.uvc-heading.ultimate-heading-53006a09b3edb5e54 h2'  data-responsive-json-new='{\"font-size\":\"desktop:20px;tablet:20px;tablet_portrait:20px;mobile_landscape:20px;mobile:16px;\",\"line-height\":\"desktop:35px;tablet:35px;tablet_portrait:35px;mobile_landscape:25px;mobile:20px;\"}' ><h2 style=\"font-weight:700;color:#4a0d66;\">METREKARELER<\/h2><\/div><div class=\"uvc-sub-heading ult-responsive\"  data-ultimate-target='.uvc-heading.ultimate-heading-53006a09b3edb5e54 .uvc-sub-heading '  data-responsive-json-new='{\"font-size\":\"desktop:13px;tablet:13px;tablet_portrait:13px;mobile_landscape:13px;mobile:12px;\",\"line-height\":\"desktop:19px;tablet:19px;tablet_portrait:19px;mobile_landscape:19px;mobile:12px;\"}'  style=\"font-weight:normal;color:#000000;margin-bottom:10px;\"><\/p>\n<table border=\"0\" width=\"252\">\n<tbody>\n<tr>\n<td><strong>BR\u00dcT<\/strong><\/td>\n<td><strong>: 92.68 m\u00b2 \u2013 92.71 m\u00b2<\/strong><\/td>\n<\/tr>\n<tr>\n<td><strong>NET<\/strong><\/td>\n<td><strong>: 61.32 m\u00b2 \u2013 61.54 m\u00b2<\/strong><\/td>\n<\/tr>\n<\/tbody>\n<\/table>\n<p>&nbsp;<\/p>\n<table style=\"height: 102px;\" border=\"0\" width=\"262\">\n<tbody>\n<tr>\n<td><strong>SALON<\/strong><\/td>\n<td><strong>: 15<\/strong><strong>.76 m\u00b2<\/strong><\/td>\n<\/tr>\n<tr>\n<td><strong>G\u0130R\u0130\u015e HOL\u00dc + MUTFAK<\/strong><\/td>\n<td><strong>: 14.01<\/strong><strong>\u00a0m\u00b2<\/strong><\/td>\n<\/tr>\n<tr>\n<td><strong>E. YATAK ODASI<\/strong><\/td>\n<td><strong>: 13<\/strong><strong>.80 m\u00b2<\/strong><\/td>\n<\/tr>\n<tr>\n<td><b>\u00c7ALI\u015eMA ODASI<\/b><\/td>\n<td><strong>: 8.08<\/strong><strong>\u00a0m\u00b2<\/strong><\/td>\n<\/tr>\n<tr>\n<td><b>BANYO\u00a0<\/b><\/td>\n<td><strong>: 4.64<\/strong><strong>\u00a0m\u00b2<\/strong><\/td>\n<\/tr>\n<tr>\n<td><b>\u00c7AMA\u015eIR ODASI<\/b><\/td>\n<td><strong>: 1.88<\/strong><strong>\u00a0m\u00b2<\/strong><\/td>\n<\/tr>\n<\/tbody>\n<\/table>\n<p><\/div><\/div><\/div><\/div><\/div><\/div><div class=\"vc_empty_space\"\n\t  style=\"height: 130px\"><span class=\"vc_empty_space_inner\"><\/span><\/div>\n<\/div><\/div><\/div><\/div><div class=\"vc_row wpb_row vc_row-fluid dt-default\" style=\"margin-top: 0px;margin-bottom: 0px\"><div class=\"wpb_column vc_column_container vc_col-sm-12\"><div class=\"vc_column-inner\"><div class=\"wpb_wrapper\"><div class=\"ult-spacer spacer-6a09b3edb6ade\" data-id=\"6a09b3edb6ade\" data-height=\"\" data-height-mobile=\"\" data-height-tab=\"\" data-height-tab-portrait=\"\" data-height-mobile-landscape=\"\" style=\"clear:both;display:block;\"><\/div><\/div><\/div><\/div><\/div>\n","protected":false},"excerpt":{"rendered":"<p>\u00d6ZELL\u0130KLER\u01301+1 T\u0130P 1 METREKARELER BR\u00dcT : 92.68 m\u00b2 \u2013 92.71 m\u00b2 NET : 61.60 m\u00b2 \u2013 62.42 m\u00b2 &nbsp; SALON : 19.88 m\u00b2 G\u0130R\u0130\u015e HOL\u00dc + MUTFAK : 13.54 m\u00b2 KOR\u0130DOR :\u00a02.85 m\u00b2 YATAK ODASI :\u00a020.29 m\u00b2 BANYO :\u00a04.64 m\u00b2 \u00c7AMA\u015eIR ODASI : 2.03 m\u00b2 1+1 T\u0130P 2 METREKARELER BR\u00dcT : 88,14 m\u00b2 NET :&hellip;<\/p>\n","protected":false},"author":6,"featured_media":0,"parent":0,"menu_order":0,"comment_status":"closed","ping_status":"closed","template":"template-microsite.php","meta":[],"_links":{"self":[{"href":"https:\/\/www.oryapark.com\/tr_tr\/wp-json\/wp\/v2\/pages\/2003"}],"collection":[{"href":"https:\/\/www.oryapark.com\/tr_tr\/wp-json\/wp\/v2\/pages"}],"about":[{"href":"https:\/\/www.oryapark.com\/tr_tr\/wp-json\/wp\/v2\/types\/page"}],"author":[{"embeddable":true,"href":"https:\/\/www.oryapark.com\/tr_tr\/wp-json\/wp\/v2\/users\/6"}],"replies":[{"embeddable":true,"href":"https:\/\/www.oryapark.com\/tr_tr\/wp-json\/wp\/v2\/comments?post=2003"}],"version-history":[{"count":1,"href":"https:\/\/www.oryapark.com\/tr_tr\/wp-json\/wp\/v2\/pages\/2003\/revisions"}],"predecessor-version":[{"id":3671,"href":"https:\/\/www.oryapark.com\/tr_tr\/wp-json\/wp\/v2\/pages\/2003\/revisions\/3671"}],"wp:attachment":[{"href":"https:\/\/www.oryapark.com\/tr_tr\/wp-json\/wp\/v2\/media?parent=2003"}],"curies":[{"name":"wp","href":"https:\/\/api.w.org\/{rel}","templated":true}]}}