{"id":1909,"date":"2017-01-12T14:16:51","date_gmt":"2017-01-12T12:16:51","guid":{"rendered":"http:\/\/www.oryapark.com\/?page_id=1909"},"modified":"2017-02-07T22:15:03","modified_gmt":"2017-02-07T20:15:03","slug":"teknik-sartname","status":"publish","type":"page","link":"https:\/\/www.oryapark.com\/tr_tr\/teknik-sartname\/","title":{"rendered":"Teknik \u015eartname"},"content":{"rendered":"<div class=\"vc_row wpb_row vc_row-fluid dt-default\" style=\"margin-top: 0px;margin-bottom: 0px\"><div class=\"wpb_column vc_column_container vc_col-sm-12\"><div class=\"vc_column-inner\"><div class=\"wpb_wrapper\"><div class=\"vc_empty_space\"\n\t  style=\"height: 90px\"><span class=\"vc_empty_space_inner\"><\/span><\/div>\n<div id=\"ultimate-heading-46446a09b34f87ced\" class=\"uvc-heading ult-adjust-bottom-margin ultimate-heading-46446a09b34f87ced uvc-6101 \" data-hspacer=\"line_only\"  data-halign=\"center\" style=\"text-align:center\"><div class=\"uvc-main-heading ult-responsive\"  data-ultimate-target='.uvc-heading.ultimate-heading-46446a09b34f87ced h2'  data-responsive-json-new='{\"font-size\":\"desktop:130px;tablet:130px;tablet_portrait:110px;mobile_landscape:80px;mobile:50px;\",\"line-height\":\"desktop:130px;tablet:130px;tablet_portrait:130px;mobile_landscape:130px;mobile:135px;\"}' ><h2 style=\"font-weight:700;color:rgba(74,13,102,0.05);\">ORYAPARK<\/h2><\/div><div class=\"uvc-sub-heading ult-responsive\"  data-ultimate-target='.uvc-heading.ultimate-heading-46446a09b34f87ced .uvc-sub-heading '  data-responsive-json-new='{\"font-size\":\"desktop:23px;tablet:23px;tablet_portrait:23px;mobile_landscape:23px;mobile:18px;\",\"line-height\":\"desktop:34px;tablet:34px;tablet_portrait:34px;mobile_landscape:34px;mobile:23px;\"}'  style=\"font-weight:800;color:#4a2365;margin-top:-86px;\">TEKN\u0130K \u015eARTNAME<\/div><div class=\"uvc-heading-spacer line_only\" style=\"margin-top:5px;height:3px;\"><span class=\"uvc-headings-line\" style=\"border-style:solid;border-bottom-width:3px;border-color:#4b2668;width:70px;\"><\/span><\/div><\/div><div class=\"vc_empty_space\"\n\t  style=\"height: 40px\"><span class=\"vc_empty_space_inner\"><\/span><\/div>\n<div class=\"vc_separator wpb_content_element vc_separator_align_center vc_sep_width_100 vc_sep_dotted vc_sep_pos_align_center vc_separator_no_text vc_sep_color_grey\" ><span class=\"vc_sep_holder vc_sep_holder_l\"><span  class=\"vc_sep_line\"><\/span><\/span><span class=\"vc_sep_holder vc_sep_holder_r\"><span  class=\"vc_sep_line\"><\/span><\/span>\n<\/div><div id=\"ultimate-heading-8316a09b34f88cc8\" class=\"uvc-heading ult-adjust-bottom-margin ultimate-heading-8316a09b34f88cc8 uvc-1894 \" data-hspacer=\"no_spacer\"  data-halign=\"left\" style=\"text-align:left\"><div class=\"uvc-heading-spacer no_spacer\" style=\"top\"><\/div><div class=\"uvc-sub-heading ult-responsive\"  data-ultimate-target='.uvc-heading.ultimate-heading-8316a09b34f88cc8 .uvc-sub-heading '  data-responsive-json-new='{\"font-size\":\"desktop:15px;tablet:15px;tablet_portrait:15px;mobile_landscape:15px;mobile:13px;\",\"line-height\":\"desktop:25px;tablet:20px;tablet_portrait:20px;mobile_landscape:20px;mobile:20px;\"}'  style=\"font-weight:normal;color:#000000;margin-bottom:10px;\">Bu teknik \u015fartname ORYATA\u015e \u0130N\u015eAAT ve T\u0130CARET A.\u015e. taraf\u0131ndan yapt\u0131r\u0131lan ORYAPARK projesi b\u00fct\u00fcn\u00fcnde, yap\u0131n\u0131n ana konstr\u00fcksiyonu, kullan\u0131lacak sistem ve malzemelerin genel hatlar\u0131yla tan\u0131mlanmas\u0131 i\u00e7in haz\u0131rlanm\u0131\u015ft\u0131r.<\/p>\n<p>Kullan\u0131lacak t\u00fcm malzemeler ilgili TSE standartlar\u0131na veya\u00a0 gerekti\u011finde CE vb uluslararas\u0131 normlara uygun olacakt\u0131r.<\/p>\n<p><strong>B\u0130NA TA\u015eIYICI S\u0130STEM\u0130<\/strong><\/p>\n<ul>\n<li>Yap\u0131lar s\u00fcneklik d\u00fczeyi y\u00fcksek konvansiyonel betonarme \u00e7er\u00e7eveler ve perde sistemlerinin birlikte kullan\u0131ld\u0131\u011f\u0131 son deprem y\u00f6netmeli\u011fine ve TSE standartlar\u0131na uygun olarak in\u015fa edilmi\u015ftir.<\/li>\n<li>Kule yap\u0131lar\u0131n\u0131n tasar\u0131m\u0131nda yap\u0131 \u2013 temel hesaplar\u0131 ve zemin etkile\u015fimi dikkate al\u0131narak d\u00fcnyada benzer yap\u0131lar\u0131n tasar\u0131m\u0131nda kullan\u0131lan uluslararas\u0131 g\u00fcvenli\u011fi kan\u0131tlanm\u0131\u015f ta\u015f\u0131y\u0131c\u0131 sistem davran\u0131\u015flar\u0131n\u0131 en iyi \u015fekilde tan\u0131mlayanan \u00fc\u00e7 boyutlu modeller ve analizler yap\u0131lm\u0131\u015f, ve her iki blo\u011funda bir b\u00fct\u00fcnle\u015fik sistem \u00fczerine oturtuldu\u011fu kulelerde solid , etraf\u0131ndaki al\u00e7ak bloklarda de\u011fi\u015fken kal\u0131nl\u0131kl\u0131 s\u00fcrekli radye temel\u2019\u2019 sistemi kullan\u0131lm\u0131\u015ft\u0131r.<\/li>\n<li>Kule binalar\u0131 imalatlar\u0131nda, yap\u0131 malzemesi olarak C35-C45 gibi y\u00fcksek mukavemetli , korozyona mukavim ve uzun tasar\u0131m \u00f6m\u00fcrl\u00fc, nitelikli beton malzeme ve ilgili standartlara tam uyumlu S420a sismik betonarme demiri gerekti\u011fi bi\u00e7imde ve yerlerde kullan\u0131lm\u0131\u015ft\u0131r.<\/li>\n<li>Binalar, y\u00fcksek enerji s\u00f6n\u00fcm kapasitesine sahip betonarme \u00e7ekirdek perdeler ve \u00e7er\u00e7evelerin birlikte kullan\u0131ld\u0131\u011f\u0131 ta\u015f\u0131y\u0131c\u0131 sistem omurgas\u0131na sahiptir<\/li>\n<\/ul>\n<p><strong>DI\u015e CEPHE<\/strong><\/p>\n<ul>\n<li>D\u0131\u015f duvarlar betonarme perde ve gazbeton veya tu\u011fla gibi \u0131s\u0131 y\u00f6netmeliklerinin ko\u015fullar\u0131n\u0131 sa\u011flayacak malzemeler ile yap\u0131lacakt\u0131r.<\/li>\n<li>T\u00fcm d\u0131\u015f cephede projeye ve teknik \u015fartnamesine uygun \u00f6zellikte al\u00fcminyum kompozit panel veya prekast cephe paneli ve \u0131s\u0131 yal\u0131t\u0131ml\u0131 cam kullan\u0131lacakt\u0131r.<\/li>\n<li>Balkonlara a\u00e7\u0131lan pencere ve kap\u0131 do\u011framalar\u0131nda iklim kontroll\u00fc \u00e7ift cam ve \u0131s\u0131 yal\u0131t\u0131ml\u0131 elektrostatik toz boyal\u0131 al\u00fcminyum do\u011framalar kullan\u0131lacakt\u0131r.<\/li>\n<li>Balkonlarda mimari projeye uygun detayda temperli lamine cam , al\u00fcminyum veya paslanmaz \u00e7elik korkuluk kullan\u0131lacakt\u0131r.<\/li>\n<\/ul>\n<p><strong>\u00c7ATI<\/strong><\/p>\n<ul>\n<li>Teras \u00e7at\u0131 olacakt\u0131r. \u00c7at\u0131da ve balkonlarda \u0131s\u0131 y\u00f6netmeliklerinin ko\u015fullar\u0131n\u0131 sa\u011flayacak kal\u0131nl\u0131kta \u0131s\u0131 yal\u0131t\u0131m\u0131 ve mimari detay\u0131na uygun olarak su yal\u0131t\u0131m\u0131 yap\u0131lacakt\u0131r.<\/li>\n<\/ul>\n<p><strong>G\u00dcVENL\u0130K<\/strong><\/p>\n<ul>\n<li>Site \u00e7evresi koruma ama\u00e7l\u0131 duvar ve g\u00fcvenlik kameralar\u0131 ile \u00e7evrilecektir.<\/li>\n<li>Vaziyet plan\u0131nda belirtilen \u015fekilde ara\u00e7 ve yaya giri\u015fi kontroll\u00fc olarak sa\u011flanacakt\u0131r.<\/li>\n<li>G\u00fcvenlik merkezinde 24 saat kapal\u0131 devre kamera izleme ve kay\u0131t sistemi olacakt\u0131r.<\/li>\n<li>Kapal\u0131 otoparklara giri\u015f \u00e7\u0131k\u0131\u015f y\u00f6netimin uygun g\u00f6rd\u00fc\u011f\u00fc bir sistemle sa\u011flanacakt\u0131r.<\/li>\n<li>Dairelerde g\u00fcvenlik ile irtibatl\u0131 g\u00f6r\u00fcnt\u00fcl\u00fc interkom sistemi kullan\u0131lacakt\u0131r.<\/li>\n<\/ul>\n<p><strong>OTOPARKLAR<\/strong><\/p>\n<ul>\n<li>1+1 ve 2+1 dairelerde 1 adet, 3+1 ve 4+1 dairelere 2 adet otopark yeri tahsis edilecektir.<\/li>\n<li>Misafir ara\u00e7lar\u0131 i\u00e7in a\u00e7\u0131k otopark alanlar\u0131 yap\u0131lm\u0131\u015ft\u0131r.<\/li>\n<li>Kapal\u0131 otoparklardan bloklara ve sosyal tesise asans\u00f6r ile ula\u015f\u0131m sa\u011flanacakt\u0131r.<\/li>\n<li>Engelli otopark\u0131 mevcuttur.<\/li>\n<\/ul>\n<p><strong>S\u0130TE ORTAK ALANLARI<\/strong><\/p>\n<ul>\n<li>Ortak d\u0131\u015f mekanda, projesine uygun olarak a\u00e7\u0131k y\u00fczme havuzu, \u00e7ocuk havuzu, a\u00e7\u0131k ve pergolal\u0131 oturma alanlar\u0131, g\u00fcne\u015flenme teras\u0131, a\u00e7\u0131k \u00e7ocuk oyun alanlar\u0131, basket sahas\u0131, a\u00e7\u0131k otoparklar, y\u00fcr\u00fcme parkuru ve projesine uygun olarak di\u011fer peyzaj d\u00fczenlemeleri yap\u0131lacakt\u0131r.<\/li>\n<li>Ara\u00e7 ve yaya yollar\u0131n\u0131n alt yap\u0131lar\u0131, kanalizasyon, drenaj sistemleri ve bah\u00e7e-teras izolasyonlar\u0131 projesine uygun olarak yap\u0131lacakt\u0131r.<\/li>\n<li>Sosyal tesislerinin kullan\u0131m haklar\u0131 site i\u015fletme plan\u0131nda d\u00fczenlendi\u011fi \u015fekilde uygulanacakt\u0131r.<\/li>\n<\/ul>\n<p><strong>SOSYAL TES\u0130S<\/strong><\/p>\n<p>Sosyal Tesis i\u00e7inde yer alacak mekanlar;<\/p>\n<ul>\n<li>Clup House<\/li>\n<li>Clup Lounge<\/li>\n<li>Spa<\/li>\n<li>Fitness salonu<\/li>\n<li>Sauna<\/li>\n<li>Sinema odas\u0131<\/li>\n<li>\u00c7ocuk oyun odas\u0131<\/li>\n<\/ul>\n<p><strong>ASANS\u00d6RLER<\/strong><\/p>\n<ul>\n<li>Her Blokta 4 adet yolcu asans\u00f6r\u00fc, 1 adet acil durum asans\u00f6r\u00fc mevcuttur.<\/li>\n<li>Asans\u00f6rler TSE normlar\u0131na uygun, hedeflenen proje standartlar\u0131na uygun model ve markada olacakt\u0131r.(Otis, Kone, Mitsubishi veya muadili marka) T\u00fcm asans\u00f6rler bodrum kata kadar inecektir.Asans\u00f6r kabinleri geni\u015f hacimli, deprem sens\u00f6rl\u00fc, havaland\u0131rmal\u0131 ve intercom sistemli olacakt\u0131r. Kat ve kabin kap\u0131lar\u0131; tam otomatik, dijital sinyalizasyon kullan\u0131lacakt\u0131r.<\/li>\n<\/ul>\n<p><strong>BLOK G\u0130R\u0130\u015eLER\u0130<\/strong><\/p>\n<ul>\n<li>Blok giri\u015flerinde kar\u015f\u0131lama bankosu ve oturma grubu olacakt\u0131r.<\/li>\n<li>Her daire i\u00e7in posta kutusu yap\u0131lacakt\u0131r.<\/li>\n<li>Giri\u015flerde kameral\u0131, konu\u015fma mod\u00fcll\u00fc interkom sistemi yap\u0131lacakt\u0131r.<\/li>\n<li>Ana Giri\u015f ve kat koridorlar\u0131nda d\u00f6\u015feme kaplamas\u0131 olarak do\u011fal ta\u015f veya seramik kullan\u0131lacakt\u0131r.<\/li>\n<li>Blok giri\u015f do\u011framalar\u0131 ve kap\u0131lar\u0131 projesine uygun olarak elektrostatik toz boyal\u0131 al\u00fcminyum do\u011frama olacakt\u0131r.<\/li>\n<\/ul>\n<p>&nbsp;<\/p>\n<p><strong>\u0130\u00c7 MEKANLAR<\/strong><\/p>\n<p><strong>KAPILAR<\/strong><\/p>\n<ul>\n<li>Daire giri\u015f kap\u0131lar\u0131 dekorasyon projesine uygun \u00e7elik kap\u0131 yap\u0131lacakt\u0131r.<\/li>\n<li>\u0130\u00e7 kap\u0131lar dekorasyon projesine uygun olarak yap\u0131lacakt\u0131r.<\/li>\n<\/ul>\n<p><strong>DUVARLAR ve KAPLAMALARI<\/strong><\/p>\n<ul>\n<li>Betonarme perdeler d\u0131\u015f\u0131ndaki duvarlarda yang\u0131n y\u00f6netmeli\u011fine uygun \u00f6zellik ve ebatlarda tu\u011fla, gazbeton veya ponzablok kullan\u0131lacakt\u0131r.\u0130\u00e7 duvarlarda al\u00e7\u0131 s\u0131va \u00fczerine su bazl\u0131 saten boya uygulamas\u0131 yap\u0131lacakt\u0131r.<\/li>\n<li>Islak hacimlerin duvarlar\u0131nda 1. S\u0131n\u0131f yerli veya ithal seramik ve\/ veya duvar ka\u011f\u0131d\u0131 kullan\u0131lacakt\u0131r.<\/li>\n<\/ul>\n<p><strong>ZEM\u0130N KAPLAMALARI<\/strong><\/p>\n<ul>\n<li>Salonlarda ve yatak odalar\u0131nda 1. s\u0131n\u0131f yerli yada ithal, lamine ve\/veya laminat parke kullan\u0131lacakt\u0131r.<\/li>\n<li>Antre, koridor, mutfak ve \u0131slak hacimlerde daire tiplerine g\u00f6re 1. S\u0131n\u0131f yerli veya ithal seramik, granit seramik veya lamine parke kullan\u0131lacakt\u0131r.<\/li>\n<li>S\u00fcp\u00fcrgelikler i\u00e7 kap\u0131larda kullan\u0131lan malzeme ile uyumlu olacakt\u0131r.<\/li>\n<li>D\u00f6\u015femelerde, \u015fap alt\u0131nda ses yal\u0131t\u0131m\u0131 i\u00e7in polietilen \u015filte kullan\u0131lacakt\u0131r.<\/li>\n<li>Islak hacim ve balkonlarda, \u015fap alt\u0131nda su yal\u0131t\u0131m\u0131 yap\u0131lacakt\u0131r.<\/li>\n<\/ul>\n<p><strong>TAVANLAR<\/strong><\/p>\n<ul>\n<li>T\u00fcm mahallerin tavan\u0131nda al\u00e7\u0131panel asma tavan \u00fczeri al\u00e7\u0131 s\u0131va ve su bazl\u0131 plastik boya yap\u0131lacakt\u0131r.<\/li>\n<li>Islak hacimlerin tavan\u0131nda neme dayan\u0131kl\u0131 tip al\u00e7\u0131panel kullan\u0131lacakt\u0131r.<\/li>\n<\/ul>\n<p><strong>DOLAPLAR<\/strong><\/p>\n<ul>\n<li>Projesinde g\u00f6sterilen yerlerde dekorasyon projesine uygun vestiyer dolaplar\u0131 olu\u015fturulacakt\u0131r.<\/li>\n<\/ul>\n<p><strong>MUTFAKLAR<\/strong><\/p>\n<ul>\n<li>Projesine uygun tasarlanm\u0131\u015f \u00f6zel kaplamal\u0131 mutfak dolaplar\u0131, laminat veya akrilik tezgah ve paslanmaz \u00e7elik eviye kullan\u0131lacakt\u0131r.<\/li>\n<li>Mutfaklarda uluslararas\u0131 standartlarda ( Siemens veya muadili marka) ankastre cihazlar (ocak, f\u0131r\u0131n, davlumbaz ve bula\u015f\u0131k makinas\u0131) kullan\u0131lacakt\u0131r.( 1+1 dairelerde ilave mikrodalga f\u0131r\u0131n ve buzdolab\u0131 olacakt\u0131r.)<\/li>\n<li>Mutfaklarda do\u011falgaz bulunmayacak, ocak ve f\u0131r\u0131n elektrikli olacakt\u0131r.<\/li>\n<\/ul>\n<p><strong>ISLAK HAC\u0130MLER<\/strong><\/p>\n<ul>\n<li>Duvarlarda, 1. S\u0131n\u0131f yerli veya ithal seramik ve\/veya duvar ka\u011f\u0131d\u0131 uygulanacakt\u0131r.<\/li>\n<li>Projesine uygun g\u00f6mme rezervuarl\u0131 asma klozet ,<\/li>\n<li>Projesine uygun ebatlarda Flat du\u015f teknesi ,<\/li>\n<li>Temperli cam du\u015f kabini,<\/li>\n<li>Projesine uygun olarak hilton tipi veya \u00e7anak lavabo kullan\u0131lacakt\u0131r.<\/li>\n<li>Banyo dolaplar\u0131 projesine uygun tasarlanm\u0131\u015f \u00f6zel kaplamal\u0131 olacakt\u0131r.<\/li>\n<li>Vitrifiyeler Duravit, Vitra veya muadili marka,<\/li>\n<li>Armat\u00fcrler Artema, Grohe veya muadili marka kullan\u0131lacakt\u0131r.<\/li>\n<li>Aksesuarlar dekorasyon projesine uygun olarak se\u00e7ilecektir.<\/li>\n<\/ul>\n<p><strong>ISITMA S\u0130STEM\u0130<\/strong><\/p>\n<ul>\n<li>Do\u011falgaz yak\u0131tl\u0131 Merkezi Kazan ile \u0131s\u0131tma salonlarda konvekt\u00f6r ve\/veya panel radyat\u00f6r,di\u011fer mahallerde panel radyat\u00f6rler ile yap\u0131lacakt\u0131r.<\/li>\n<li>Is\u0131tma tesisat\u0131 borular\u0131 k\u0131l\u0131fl\u0131 sistem olup, \u015fap alt\u0131ndan d\u00f6\u015fenecektir.<\/li>\n<\/ul>\n<p><strong>SIHH\u0130 TES\u0130SAT S\u0130STEM\u0130<\/strong><\/p>\n<ul>\n<li>S\u0131cak su temini dairelerde te\u015fkil edilecek s\u0131cak su istasyonlar\u0131 (substationlar) ile sa\u011flanacakt\u0131r.<\/li>\n<li>Is\u0131nma ve kullan\u0131m s\u0131cak su giderleri pay \u00f6l\u00e7erler vas\u0131tas\u0131yla kullan\u0131c\u0131lara payla\u015ft\u0131r\u0131lacakt\u0131r.<\/li>\n<li>So\u011fuk ve s\u0131cak su tesisat\u0131 i\u00e7in kullan\u0131lacak t\u00fcm malzemeler TSE belgeli olacakt\u0131r.<\/li>\n<li>Kullan\u0131lacak musluk, bataryalar 1. S\u0131n\u0131f yerli veya ithal markalardan se\u00e7ilecektir.<\/li>\n<li>Banyo aspirasyonu merkezi olarak yap\u0131lacakt\u0131r.<\/li>\n<li>Su kesilmeleri ve bas\u0131n\u00e7 yetersizli\u011fine kar\u015f\u0131, yeterli miktarda su deposu ve da\u011f\u0131t\u0131m sistemi kullan\u0131lacakt\u0131r.<\/li>\n<li>Pis su ve ya\u011fmur suyu ini\u015flerinde pik boru kullan\u0131lacakt\u0131r.<\/li>\n<\/ul>\n<p><strong>KL\u0130MA S\u0130STEM\u0130<\/strong><\/p>\n<ul>\n<li>Dairelerde so\u011futma VRV sistemi ile yap\u0131lacakt\u0131r.<\/li>\n<li>4+1 ve 3+1 dairelerde Salon + Ebeveyn Yatak Odas\u0131na \u0130\u00e7 \u00fcnite koyulacak, ilave 1 oda i\u00e7in\u00a0 i\u00e7 \u00fcnite koyabilme opsiyonu b\u0131rak\u0131lacakt\u0131r.<\/li>\n<li>2+1 ve 1+1 dairelerde Salonlarda \u0130\u00e7 \u00fcnite koyulacak, Ebeveyn Yatak Odas\u0131 i\u00e7in\u00a0 i\u00e7 \u00fcnite koyabilme opsiyonu b\u0131rak\u0131lacakt\u0131r.<\/li>\n<\/ul>\n<p><strong>ELEKTR\u0130K TES\u0130SAT S\u0130STEM\u0130<\/strong><\/p>\n<ul>\n<li>Ayeda\u015f tesisinden siteye kadar altyap\u0131 yap\u0131larak, elektrik temin edilecektir.Elektrik kesintisi halinde devreye girecek, ortak alanlar\u0131n ve dairelerin acil ihtiya\u00e7lar\u0131n\u0131 kar\u015f\u0131layacak kapasitede jenerat\u00f6r sistemi kurulacakt\u0131r.<\/li>\n<li>Her daire i\u00e7in ba\u011f\u0131ms\u0131z tarifeli elektronik elektrik sayac\u0131, sayac\u0131n bulundu\u011fu mek\u00e2nda elektrik ka\u00e7a\u011f\u0131 halinde \u00e7\u0131kacak yang\u0131n tehlikesine kar\u015f\u0131 \u00f6nleyici olarak ka\u00e7ak ak\u0131m r\u00f6lesi ve dairelerde ka\u00e7ak halinde, ak\u0131m\u0131 kesecek ka\u00e7ak ak\u0131m r\u00f6lesi ve \u015falteri bulunacakt\u0131r.<\/li>\n<li>Dairelerde TSE normlar\u0131na uygun ve teknik ko\u015fullar\u0131 sa\u011flayacak malzemeler kullan\u0131lacakt\u0131r.<\/li>\n<li>Kullan\u0131lacak kablolar ve borular Yang\u0131n Y\u00f6netmeli\u011fine uygun olacakt\u0131r.<\/li>\n<li>Dekoratif grup anahtar ve prizler kullan\u0131lacakt\u0131r. Mobilya yerle\u015fim senaryosuna g\u00f6re ayd\u0131nlatma alt yap\u0131s\u0131 sa\u011flanacak, priz ve telefon sortileri bulunacakt\u0131r.<\/li>\n<li>Konutlarda kullan\u0131lacak t\u00fcm prizler toprakl\u0131 olacakt\u0131r.<\/li>\n<li>IEEC (Uluslararas\u0131 Elektrik-Elektronik Standard\u0131 ) h\u00fck\u00fcmlerine uygun olarak topraklama ve y\u0131ld\u0131r\u0131mdan korunma tesisat\u0131 tesis edilecektir.<\/li>\n<\/ul>\n<p><strong>TV,TELEFON,\u0130NTERNET<\/strong><\/p>\n<ul>\n<li>Bina TV tesisatlar\u0131nda head end sistemi ile Uydu ve Ulusal Yay\u0131n Yapan \u00d6zel Uydu Sistemleri altyap\u0131s\u0131 kurulacakt\u0131r. Kullan\u0131c\u0131 taraf\u0131ndan decoder-receiver temin edilip abone olunmas\u0131 halinde Uydu ve Ulusal Yay\u0131n Yapan \u00d6zel Sistemleri ( D-Smart, Digiturk vs) yay\u0131nlar\u0131 izlenebilecektir. Her konutta mobilya yerle\u015fim senaryosuna uygun olarak yeterli say\u0131da TV sortileri ve elektrik prizleri bulunacakt\u0131r.<\/li>\n<li>Dairelere g\u00f6r\u00fcnt\u00fcl\u00fc interkom konu\u015fma cihaz\u0131 monte edilecektir.<\/li>\n<li>\u0130nternet eri\u015fimi i\u00e7in zay\u0131f ak\u0131m kutusuna kadar kablo alt yap\u0131s\u0131 olu\u015fturulacakt\u0131r.<\/li>\n<\/ul>\n<p><strong>YANGINDAN KORUNMA<\/strong><\/p>\n<ul>\n<li>Yang\u0131ndan korunmaya y\u00f6nelik olarak her blokta, yang\u0131n y\u00f6netmeli\u011fine uygun bas\u0131n\u00e7land\u0131r\u0131lm\u0131\u015f yang\u0131n ka\u00e7\u0131\u015f merdivenleri, her katta yang\u0131n dolab\u0131, projesine uygun yerlerde yang\u0131n ihbar butonu ve yang\u0131n alarm sistemi kurulacakt\u0131r.<\/li>\n<li>T\u00fcm mahallerde yang\u0131n riskine kar\u015f\u0131 otomatik sprinkler s\u00f6nd\u00fcrme sistemi, yang\u0131n dolab\u0131 ve havaland\u0131rma sistemi mevcuttur.<\/li>\n<\/ul>\n<p><strong>Oryata\u015f \u0130n\u015faat<\/strong>, proje uygulamas\u0131 a\u015famas\u0131nda teknik olarak gerekli g\u00f6rd\u00fc\u011f\u00fc de\u011fi\u015fiklikleri yapma hakk\u0131n\u0131 sakl\u0131 tutar.<\/div><\/div><div class=\"vc_empty_space\"\n\t  style=\"height: 50px\"><span class=\"vc_empty_space_inner\"><\/span><\/div>\n<div class=\"vc_separator wpb_content_element vc_separator_align_center vc_sep_width_100 vc_sep_dotted vc_sep_pos_align_center vc_separator_no_text vc_sep_color_grey\" ><span class=\"vc_sep_holder vc_sep_holder_l\"><span  class=\"vc_sep_line\"><\/span><\/span><span class=\"vc_sep_holder vc_sep_holder_r\"><span  class=\"vc_sep_line\"><\/span><\/span>\n<\/div><\/div><\/div><\/div><\/div>\n","protected":false},"excerpt":{"rendered":"<p>ORYAPARKTEKN\u0130K \u015eARTNAME Bu teknik \u015fartname ORYATA\u015e \u0130N\u015eAAT ve T\u0130CARET A.\u015e. taraf\u0131ndan yapt\u0131r\u0131lan ORYAPARK projesi b\u00fct\u00fcn\u00fcnde, yap\u0131n\u0131n ana konstr\u00fcksiyonu, kullan\u0131lacak sistem ve malzemelerin genel hatlar\u0131yla tan\u0131mlanmas\u0131 i\u00e7in haz\u0131rlanm\u0131\u015ft\u0131r. Kullan\u0131lacak t\u00fcm malzemeler ilgili TSE standartlar\u0131na veya\u00a0 gerekti\u011finde CE vb uluslararas\u0131 normlara uygun olacakt\u0131r. B\u0130NA TA\u015eIYICI S\u0130STEM\u0130 Yap\u0131lar s\u00fcneklik d\u00fczeyi y\u00fcksek konvansiyonel betonarme \u00e7er\u00e7eveler ve perde sistemlerinin birlikte&hellip;<\/p>\n","protected":false},"author":6,"featured_media":0,"parent":0,"menu_order":0,"comment_status":"closed","ping_status":"closed","template":"template-microsite.php","meta":[],"_links":{"self":[{"href":"https:\/\/www.oryapark.com\/tr_tr\/wp-json\/wp\/v2\/pages\/1909"}],"collection":[{"href":"https:\/\/www.oryapark.com\/tr_tr\/wp-json\/wp\/v2\/pages"}],"about":[{"href":"https:\/\/www.oryapark.com\/tr_tr\/wp-json\/wp\/v2\/types\/page"}],"author":[{"embeddable":true,"href":"https:\/\/www.oryapark.com\/tr_tr\/wp-json\/wp\/v2\/users\/6"}],"replies":[{"embeddable":true,"href":"https:\/\/www.oryapark.com\/tr_tr\/wp-json\/wp\/v2\/comments?post=1909"}],"version-history":[{"count":0,"href":"https:\/\/www.oryapark.com\/tr_tr\/wp-json\/wp\/v2\/pages\/1909\/revisions"}],"wp:attachment":[{"href":"https:\/\/www.oryapark.com\/tr_tr\/wp-json\/wp\/v2\/media?parent=1909"}],"curies":[{"name":"wp","href":"https:\/\/api.w.org\/{rel}","templated":true}]}}