{"id":1251,"date":"2016-12-18T23:25:58","date_gmt":"2016-12-18T21:25:58","guid":{"rendered":"http:\/\/www.oryapark.com\/?page_id=1251"},"modified":"2019-11-28T00:21:25","modified_gmt":"2019-11-27T21:21:25","slug":"orya-holding","status":"publish","type":"page","link":"https:\/\/www.oryapark.com\/tr_tr\/orya-holding\/","title":{"rendered":"ORYA HOLD\u0130NG"},"content":{"rendered":"<div class=\"vc_row wpb_row vc_row-fluid dt-default\" style=\"margin-top: 0px;margin-bottom: 0px\"><div class=\"wpb_column vc_column_container vc_col-sm-12\"><div class=\"vc_column-inner\"><div class=\"wpb_wrapper\"><div class=\"vc_separator wpb_content_element vc_separator_align_center vc_sep_width_100 vc_sep_dotted vc_sep_pos_align_center vc_separator_no_text vc_sep_color_grey\" ><span class=\"vc_sep_holder vc_sep_holder_l\"><span  class=\"vc_sep_line\"><\/span><\/span><span class=\"vc_sep_holder vc_sep_holder_r\"><span  class=\"vc_sep_line\"><\/span><\/span>\n<\/div><div class=\"vc_empty_space\"\n\t  style=\"height: 25px\"><span class=\"vc_empty_space_inner\"><\/span><\/div>\n<div id=\"ultimate-heading-87486a09bcede9ab7\" class=\"uvc-heading ult-adjust-bottom-margin ultimate-heading-87486a09bcede9ab7 uvc-8463 \" data-hspacer=\"line_only\"  data-halign=\"center\" style=\"text-align:center\"><div class=\"uvc-main-heading ult-responsive\"  data-ultimate-target='.uvc-heading.ultimate-heading-87486a09bcede9ab7 h2'  data-responsive-json-new='{\"font-size\":\"desktop:130px;tablet:130px;tablet_portrait:110px;mobile_landscape:60px;mobile:30px;\",\"line-height\":\"desktop:130px;tablet:130px;tablet_portrait:130px;mobile_landscape:130px;mobile:130px;\"}' ><h2 style=\"font-weight:700;color:rgba(74,13,102,0.05);\">ORYA HOLD\u0130NG<\/h2><\/div><div class=\"uvc-sub-heading ult-responsive\"  data-ultimate-target='.uvc-heading.ultimate-heading-87486a09bcede9ab7 .uvc-sub-heading '  data-responsive-json-new='{\"font-size\":\"desktop:23px;tablet:23px;tablet_portrait:23px;mobile_landscape:23px;mobile:18px;\",\"line-height\":\"desktop:34px;tablet:34px;tablet_portrait:34px;mobile_landscape:34px;mobile:28px;\"}'  style=\"font-weight:800;color:#4a2365;margin-top:-86px;\">HAKKINDA<\/div><div class=\"uvc-heading-spacer line_only\" style=\"margin-top:5px;height:3px;\"><span class=\"uvc-headings-line\" style=\"border-style:solid;border-bottom-width:3px;border-color:#4b2668;width:70px;\"><\/span><\/div><\/div><div class=\"vc_empty_space\"\n\t  style=\"height: 50px\"><span class=\"vc_empty_space_inner\"><\/span><\/div>\n<div class=\"vc_separator wpb_content_element vc_separator_align_center vc_sep_width_100 vc_sep_dotted vc_sep_pos_align_center vc_separator_no_text vc_sep_color_grey\" ><span class=\"vc_sep_holder vc_sep_holder_l\"><span  class=\"vc_sep_line\"><\/span><\/span><span class=\"vc_sep_holder vc_sep_holder_r\"><span  class=\"vc_sep_line\"><\/span><\/span>\n<\/div><div id=\"ultimate-heading-52136a09bcedea0c3\" class=\"uvc-heading ult-adjust-bottom-margin ultimate-heading-52136a09bcedea0c3 uvc-8861 \" data-hspacer=\"no_spacer\"  data-halign=\"left\" style=\"text-align:left\"><div class=\"uvc-heading-spacer no_spacer\" style=\"top\"><\/div><div class=\"uvc-sub-heading ult-responsive\"  data-ultimate-target='.uvc-heading.ultimate-heading-52136a09bcedea0c3 .uvc-sub-heading '  data-responsive-json-new='{\"font-size\":\"desktop:15px;tablet:15px;tablet_portrait:15px;mobile_landscape:15px;mobile:13px;\",\"line-height\":\"desktop:25px;tablet:20px;tablet_portrait:20px;mobile_landscape:20px;mobile:20px;\"}'  style=\"font-weight:normal;color:#000000;margin-bottom:10px;\">End\u00fcstri ve refah d\u00fczeyinin geli\u015fmesine katk\u0131da bulunan altyap\u0131 m\u00fchendisli\u011fi alan\u0131ndaki projelerle yola \u00e7\u0131kan Orya Holding, 60 y\u0131ldan uzun bir s\u00fcredir ulusal ve uluslararas\u0131 arenada faaliyet g\u00f6stermektedir. \u0130novasyon ve kaliteyle, s\u00fcrekli b\u00fcy\u00fcyen birikim ve deneyimini harmanlayarak, m\u00fc\u015fterilerine \u00fcst d\u00fczeyde hizmet sunmaktad\u0131r.<\/div><\/div><div class=\"vc_empty_space\"\n\t  style=\"height: 50px\"><span class=\"vc_empty_space_inner\"><\/span><\/div>\n<div class=\"vc_separator wpb_content_element vc_separator_align_center vc_sep_width_100 vc_sep_dotted vc_sep_pos_align_center vc_separator_no_text vc_sep_color_grey\" ><span class=\"vc_sep_holder vc_sep_holder_l\"><span  class=\"vc_sep_line\"><\/span><\/span><span class=\"vc_sep_holder vc_sep_holder_r\"><span  class=\"vc_sep_line\"><\/span><\/span>\n<\/div><div id=\"ultimate-heading-49226a09bcedea6df\" class=\"uvc-heading ult-adjust-bottom-margin ultimate-heading-49226a09bcedea6df uvc-7819 \" data-hspacer=\"no_spacer\"  data-halign=\"left\" style=\"text-align:left\"><div class=\"uvc-heading-spacer no_spacer\" style=\"top\"><\/div><div class=\"uvc-main-heading ult-responsive\"  data-ultimate-target='.uvc-heading.ultimate-heading-49226a09bcedea6df h2'  data-responsive-json-new='{\"font-size\":\"desktop:20px;tablet:20px;tablet_portrait:20px;mobile_landscape:20px;mobile:16px;\",\"line-height\":\"desktop:35px;tablet:35px;tablet_portrait:35px;mobile_landscape:25px;mobile:20px;\"}' ><h2 style=\"font-weight:700;color:#4a0d66;\">KURUCU<\/h2><\/div><div class=\"uvc-sub-heading ult-responsive\"  data-ultimate-target='.uvc-heading.ultimate-heading-49226a09bcedea6df .uvc-sub-heading '  data-responsive-json-new='{\"font-size\":\"desktop:15px;tablet:15px;tablet_portrait:15px;mobile_landscape:15px;mobile:13px;\",\"line-height\":\"desktop:25px;tablet:20px;tablet_portrait:20px;mobile_landscape:20px;mobile:20px;\"}'  style=\"font-weight:normal;color:#000000;margin-bottom:10px;\">1924 y\u0131l\u0131nda Afyon\u2019da do\u011fan Orhan Yavuz; 1949 y\u0131l\u0131nda \u0130stanbul Teknik \u00dcniversitesi, \u0130n\u015faat Fak\u00fcltesi\u2019nden mezun olmu\u015ftur.<\/p>\n<p>1953 y\u0131l\u0131na kadar Karayollar\u0131 Genel M\u00fcd\u00fcrl\u00fc\u011f\u00fc\u2019nde g\u00f6rev yapm\u0131\u015f daha sonra i\u015f ya\u015fam\u0131na m\u00fcteahhitlikle devam etmi\u015f ve yurdun \u00e7e\u015fitli b\u00f6lgelerinde kara ve demiryollar\u0131, havalimanlar\u0131, akaryak\u0131t hat ve tesisleri gibi \u00f6nemli altyap\u0131 projeleri ger\u00e7ekle\u015ftirmi\u015ftir.<\/p>\n<p>1967 y\u0131l\u0131nda \u00dcmran \u00c7elik Boru Sanayii A.\u015e. ad\u0131 alt\u0131nda kurdu\u011fu tesisle end\u00fcstri alan\u0131na girmi\u015ftir.<\/p>\n<p>\u0130NTES (T\u00fcrkiye \u0130n\u015faat Sanayicileri \u0130\u015fveren Sendikas\u0131), Afyon E\u011fitim Vakf\u0131, \u0130T\u00dc Vakf\u0131, Atat\u00fcrk Vakf\u0131 ve Tema Vakf\u0131 kurucular\u0131 aras\u0131nda olan Orhan Yavuz, kendi ad\u0131n\u0131 ta\u015f\u0131yan Teknik E\u011fitim Vakf\u0131\u2019n\u0131n da kurucusudur.<\/p>\n<p>T\u00fcrk K\u0131z\u0131lay Derne\u011fi onur \u00fcyesidir ve bir\u00e7ok sosyal yard\u0131m ve kalk\u0131nma projesine aktif olarak destek vermektedir.<\/p>\n<p>2008 y\u0131l\u0131nda \u0130stanbul Teknik \u00dcniversitesi taraf\u0131ndan mesle\u011fe katk\u0131lar\u0131ndan dolay\u0131 \u201cFahri Doktor\u201d \u00fcnvan\u0131na lay\u0131k g\u00f6r\u00fclm\u00fc\u015ft\u00fcr.<\/div><\/div><div class=\"vc_empty_space\"\n\t  style=\"height: 50px\"><span class=\"vc_empty_space_inner\"><\/span><\/div>\n<div class=\"vc_separator wpb_content_element vc_separator_align_center vc_sep_width_100 vc_sep_dotted vc_sep_pos_align_center vc_separator_no_text vc_sep_color_grey\" ><span class=\"vc_sep_holder vc_sep_holder_l\"><span  class=\"vc_sep_line\"><\/span><\/span><span class=\"vc_sep_holder vc_sep_holder_r\"><span  class=\"vc_sep_line\"><\/span><\/span>\n<\/div><div id=\"ultimate-heading-40316a09bcedeacd4\" class=\"uvc-heading ult-adjust-bottom-margin ultimate-heading-40316a09bcedeacd4 uvc-3248 \" data-hspacer=\"no_spacer\"  data-halign=\"left\" style=\"text-align:left\"><div class=\"uvc-heading-spacer no_spacer\" style=\"top\"><\/div><div class=\"uvc-main-heading ult-responsive\"  data-ultimate-target='.uvc-heading.ultimate-heading-40316a09bcedeacd4 h2'  data-responsive-json-new='{\"font-size\":\"desktop:20px;tablet:20px;tablet_portrait:20px;mobile_landscape:20px;mobile:16px;\",\"line-height\":\"desktop:35px;tablet:35px;tablet_portrait:35px;mobile_landscape:25px;mobile:20px;\"}' ><h2 style=\"font-weight:700;color:#4a0d66;\">Sosyal Sorumluluk<\/h2><\/div><div class=\"uvc-sub-heading ult-responsive\"  data-ultimate-target='.uvc-heading.ultimate-heading-40316a09bcedeacd4 .uvc-sub-heading '  data-responsive-json-new='{\"font-size\":\"desktop:15px;tablet:15px;tablet_portrait:15px;mobile_landscape:15px;mobile:13px;\",\"line-height\":\"desktop:25px;tablet:20px;tablet_portrait:20px;mobile_landscape:20px;mobile:20px;\"}'  style=\"font-weight:normal;color:#000000;margin-bottom:10px;\"><\/p>\n<h3>OYTEV \u2013 Orhan Yavuz Teknik E\u011fitim Vakf\u0131<\/h3>\n<p>ORYA HOLD\u0130NG kurucusu M\u00fchendis Orhan Yavuz taraf\u0131ndan 2007 y\u0131l\u0131nda kurulmu\u015ftur. Vakf\u0131n amac\u0131; ba\u015fta e\u011fitim-\u00f6\u011fretim olmak \u00fczere, toplumun uygarl\u0131k d\u00fczelini y\u00fckseltmeyi hedefleyen sa\u011fl\u0131k, k\u00fclt\u00fcr, sanat ve bilim alanlar\u0131ndaki ara\u015ft\u0131rma ve faaliyetlere destek olmakt\u0131r.<\/p>\n<p>Bu ama\u00e7 do\u011frultusunda, maddi durumu yeterli olmayan \u00f6\u011frencilere burs verilmekte, ihtiyac\u0131 olan okullara sosyal yard\u0131mlar yap\u0131lmaktad\u0131r. Ayr\u0131ca \u0130T\u00dc i\u015f birli\u011fi ile ders kitaplar\u0131n\u0131n \u00e7eviri ve bas\u0131m \u00e7al\u0131\u015fmalar\u0131na katk\u0131da bulunulmakta, bilimsel ara\u015ft\u0131rmalar\u0131yla \u00f6ne \u00e7\u0131kan akademisyenler \u00f6d\u00fcllendirilmektedir.<\/p>\n<p>OYTEV Bakanlar Kurulu taraf\u0131ndan \u2018Kamuya Yararl\u0131 Vak\u0131flar\u2019 stat\u00fcs\u00fcnde de\u011ferlendirilmi\u015ftir.Orhan Yavuz Teknik E\u011fitim Vakf\u0131<\/div><\/div><div class=\"vc_empty_space\"\n\t  style=\"height: 50px\"><span class=\"vc_empty_space_inner\"><\/span><\/div>\n<\/div><\/div><\/div><\/div>\n","protected":false},"excerpt":{"rendered":"<p>ORYA HOLD\u0130NGHAKKINDA End\u00fcstri ve refah d\u00fczeyinin geli\u015fmesine katk\u0131da bulunan altyap\u0131 m\u00fchendisli\u011fi alan\u0131ndaki projelerle yola \u00e7\u0131kan Orya Holding, 60 y\u0131ldan uzun bir s\u00fcredir ulusal ve uluslararas\u0131 arenada faaliyet g\u00f6stermektedir. \u0130novasyon ve kaliteyle, s\u00fcrekli b\u00fcy\u00fcyen birikim ve deneyimini harmanlayarak, m\u00fc\u015fterilerine \u00fcst d\u00fczeyde hizmet sunmaktad\u0131r. KURUCU1924 y\u0131l\u0131nda Afyon\u2019da do\u011fan Orhan Yavuz; 1949 y\u0131l\u0131nda \u0130stanbul Teknik \u00dcniversitesi, \u0130n\u015faat Fak\u00fcltesi\u2019nden&hellip;<\/p>\n","protected":false},"author":6,"featured_media":0,"parent":0,"menu_order":0,"comment_status":"closed","ping_status":"closed","template":"template-microsite.php","meta":[],"_links":{"self":[{"href":"https:\/\/www.oryapark.com\/tr_tr\/wp-json\/wp\/v2\/pages\/1251"}],"collection":[{"href":"https:\/\/www.oryapark.com\/tr_tr\/wp-json\/wp\/v2\/pages"}],"about":[{"href":"https:\/\/www.oryapark.com\/tr_tr\/wp-json\/wp\/v2\/types\/page"}],"author":[{"embeddable":true,"href":"https:\/\/www.oryapark.com\/tr_tr\/wp-json\/wp\/v2\/users\/6"}],"replies":[{"embeddable":true,"href":"https:\/\/www.oryapark.com\/tr_tr\/wp-json\/wp\/v2\/comments?post=1251"}],"version-history":[{"count":1,"href":"https:\/\/www.oryapark.com\/tr_tr\/wp-json\/wp\/v2\/pages\/1251\/revisions"}],"predecessor-version":[{"id":8849,"href":"https:\/\/www.oryapark.com\/tr_tr\/wp-json\/wp\/v2\/pages\/1251\/revisions\/8849"}],"wp:attachment":[{"href":"https:\/\/www.oryapark.com\/tr_tr\/wp-json\/wp\/v2\/media?parent=1251"}],"curies":[{"name":"wp","href":"https:\/\/api.w.org\/{rel}","templated":true}]}}