{"id":8909,"date":"2017-02-19T03:31:37","date_gmt":"2017-02-19T00:31:37","guid":{"rendered":"https:\/\/www.oryapark.com\/galeri-2\/"},"modified":"2021-09-13T11:48:00","modified_gmt":"2021-09-13T08:48:00","slug":"cerezkullanimpolitikasi","status":"publish","type":"page","link":"https:\/\/www.oryapark.com\/en\/cerezkullanimpolitikasi\/","title":{"rendered":"\u00c7EREZ KULLANIM POL\u0130T\u0130KASI"},"content":{"rendered":"<div class=\"vc_row wpb_row vc_row-fluid dt-default\" style=\"margin-top: 0px;margin-bottom: 0px\"><div class=\"wpb_column vc_column_container vc_col-sm-12\"><div class=\"vc_column-inner\"><div class=\"wpb_wrapper\"><div  class=\"vc_wp_text wpb_content_element\"><div class=\"widget widget_text\">\t\t\t<div class=\"textwidget\"><p><strong>\u00c7EREZ KULLANIM POL\u0130T\u0130KASI<\/strong><\/p>\n<p><strong>ORYATA\u015e \u0130N\u015eAAT VE T\u0130C. A.\u015e.<\/strong><\/p>\n<p><strong>6698 SAYILI K\u0130\u015e\u0130SEL VER\u0130LER\u0130N KORUNMASI KANUNU (KVKK)<\/strong><\/p>\n<p><strong>\u00c7EREZ POL\u0130T\u0130KASI<\/strong><\/p>\n<p>&nbsp;<\/p>\n<p>\u00c7erezler, taray\u0131c\u0131n\u0131z taraf\u0131ndan bilgisayar\u0131n\u0131z\u0131n sabit diskinde saklanan k\u00fc\u00e7\u00fck bilgilerdir. Genellikle ziyaret etti\u011finiz internet sitesini kullanman\u0131z s\u0131ras\u0131nda size ki\u015fiselle\u015ftirilmi\u015f bir deneyim sunmak, sunulan hizmetleri geli\u015ftirmek ve deneyiminizi iyile\u015ftirmek i\u00e7in kullan\u0131l\u0131r ve bir internet sitesinde gezinirken kullan\u0131m kolayl\u0131\u011f\u0131na katk\u0131da bulunabilir.<\/p>\n<p>&nbsp;<\/p>\n<p><strong>T\u00dcRLER\u0130NE G\u00d6RE \u00c7EREZLER<\/strong><\/p>\n<p><strong><br \/>\nZorunlu\/Teknik \u00c7erezler:\u00a0<\/strong>Ziyaret etti\u011finiz internet sitesinin d\u00fczg\u00fcn \u015fekilde \u00e7al\u0131\u015fabilmesi i\u00e7in zorunlu \u00e7erezlerdir. Bu t\u00fcr \u00e7erezlerin amac\u0131, sitenin \u00e7al\u0131\u015fmas\u0131n\u0131 sa\u011flamak yoluyla gerekli hizmet sunmakt\u0131r.<\/p>\n<p><strong>\u00a0<\/strong><\/p>\n<p>\u00d6rne\u011fin, internet sitesinin g\u00fcvenli b\u00f6l\u00fcmlerine eri\u015fmeye, \u00f6zelliklerini kullanabilmeye, \u00fczerinde gezinti yapabilmeye olanak verir.<\/p>\n<p><strong>Analitik \u00c7erezler:\u00a0<\/strong>\u0130nternet sitesinin kullan\u0131m \u015fekli, ziyaret s\u0131kl\u0131\u011f\u0131 ve say\u0131s\u0131, hakk\u0131nda bilgi toplayan ve ziyaret\u00e7ilerin siteye nas\u0131l ge\u00e7ti\u011fini g\u00f6sterirler. Bu t\u00fcr \u00e7erezlerin kullan\u0131m amac\u0131, sitenin i\u015fleyi\u015f bi\u00e7imini iyile\u015ftirerek performans artt\u0131rmak ve genel e\u011filim y\u00f6n\u00fcn\u00fc belirlemektir. Ziyaret\u00e7i kimliklerinin tespitini sa\u011flayabilecek verileri i\u00e7ermezler.<\/p>\n<p><strong>\u00a0<\/strong><\/p>\n<p>\u00d6rne\u011fin, g\u00f6sterilen hata mesaj\u0131 say\u0131s\u0131 veya en \u00e7ok ziyaret edilen sayfalar\u0131 g\u00f6sterirler.<\/p>\n<p><strong>\u0130\u015flevsel\/Fonksiyonel \u00c7erezler:\u00a0<\/strong>Ziyaret\u00e7inin site i\u00e7erisinde yapt\u0131\u011f\u0131 se\u00e7imleri kaydederek bir sonraki ziyarette hat\u0131rlar. Bu t\u00fcr \u00e7erezlerin amac\u0131 ziyaret\u00e7ilere kullan\u0131m kolayl\u0131\u011f\u0131 sa\u011flamakt\u0131r.<\/p>\n<p><strong>\u00a0<\/strong><\/p>\n<p>\u00d6rne\u011fin, site kullan\u0131c\u0131s\u0131n\u0131n ziyaret etti\u011fi her bir sayfada kullan\u0131c\u0131 \u015fifresini tekrar girmesini \u00f6nler.<\/p>\n<p><strong>Hedefleme\/Reklam \u00c7erezleri:\u00a0<\/strong>Ziyaret\u00e7ilere sunulan reklamlar\u0131n etkinli\u011finin \u00f6l\u00e7\u00fclmesi ve reklamlar\u0131n ka\u00e7 kere g\u00f6r\u00fcnt\u00fclendi\u011finin hesaplanmas\u0131n\u0131 sa\u011flarlar. Bu t\u00fcr \u00e7erezlerin amac\u0131, ziyaret\u00e7ilerin ilgi alanlar\u0131na \u00f6zelle\u015ftirilmi\u015f reklamlar\u0131n sunulmas\u0131d\u0131r.<\/p>\n<p>&nbsp;<\/p>\n<p>Ayn\u0131 \u015fekilde, ziyaret\u00e7ilerin gezinmelerine \u00f6zel olarak ilgi alanlar\u0131n\u0131n tespit edilmesini ve uygun i\u00e7eriklerin sunulmas\u0131n\u0131 sa\u011flarlar.<\/p>\n<p>&nbsp;<\/p>\n<p>\u00d6rne\u011fin, ziyaret\u00e7iye g\u00f6sterilen reklam\u0131n k\u0131sa s\u00fcre i\u00e7inde tekrar g\u00f6sterilmesini engeller.<\/p>\n<p>&nbsp;<\/p>\n<p><strong>\u0130NTERNET S\u0130TEM\u0130ZDE KULLANILAN \u00c7EREZLER<\/strong><\/p>\n<p><strong>\u00a0<\/strong><\/p>\n<p>Sitemizin kulland\u0131\u011f\u0131 zorunlu, fonksiyonel ve analitik \u00e7erezler:<\/p>\n<p>\u0130nternet sitesi ara y\u00fcz\u00fcn\u00fcn ve \u00f6zelliklerinin arzu edildi\u011fi gibi kullan\u0131lmas\u0131 i\u00e7in zorunludur.<\/p>\n<p>Gelecekte ger\u00e7ekle\u015ftirece\u011finiz ziyaretler s\u0131ras\u0131ndaki faaliyetleri h\u0131zland\u0131rman\u0131z\u0131 sa\u011flar.<\/p>\n<p>\u0130nternet sitesinin ziyaret\u00e7iler taraf\u0131ndan nas\u0131l kullan\u0131ld\u0131\u011f\u0131n\u0131 anlamam\u0131z\u0131 sa\u011flayarak, istatistiki verileri bir araya getirmemize ve bu veriler do\u011frultusunda i\u00e7erik geli\u015ftirmemize yard\u0131mc\u0131 olur.<\/p>\n<p>Hi\u00e7bir ko\u015fulda kimli\u011finizi tan\u0131mlayabilece\u011fimiz verileri toplamaz, saklamaz ve i\u015flememizi sa\u011flamaz, ki\u015fisel veri niteli\u011fi ta\u015f\u0131maz.<\/p>\n<p>Bilgisayar\u0131n\u0131za zarar vermez ve vir\u00fcs i\u00e7ermez.<\/p>\n<p>&nbsp;<\/p>\n<p>Sitemizin kulland\u0131\u011f\u0131 zorunlu, fonksiyonel ve analitik \u00e7erezler; sitemizi ziyaretiniz s\u0131ras\u0131nda ki\u015fisel verilerinizi elde etmekte olup, ki\u015fisel verileriniz temel hak ve \u00f6zg\u00fcrl\u00fcklerinize zarar vermemek kayd\u0131yla, me\u015fru menfaatlerimiz i\u00e7in zorunlu olunmas\u0131 sebebiyle i\u015flenmektedir.<\/p>\n<p>&nbsp;<\/p>\n<p><strong>\u00c7EREZ TERC\u0130HLER\u0130 NASIL Y\u00d6NET\u0130L\u0130R?<\/strong><\/p>\n<p><strong>\u00a0<\/strong><\/p>\n<p>\u00c7erezlerin kullan\u0131m\u0131na ili\u015fkin tercihlerinizi de\u011fi\u015ftirmek ya da \u00e7erezleri engellemek veya silmek i\u00e7in taray\u0131c\u0131n\u0131z\u0131n ayarlar\u0131n\u0131 de\u011fi\u015ftirmeniz yeterlidir.<\/p>\n<p>&nbsp;<\/p>\n<p>Bir\u00e7ok taray\u0131c\u0131 \u00e7erezleri kontrol edebilmeniz i\u00e7in size \u00e7erezleri kabul etme veya reddetme, yaln\u0131zca belirli t\u00fcrdeki \u00e7erezleri kabul etme ya da bir internet sitesinin cihaz\u0131n\u0131za \u00e7erez depolamay\u0131 talep etti\u011finde taray\u0131c\u0131 taraf\u0131ndan uyar\u0131lma se\u00e7ene\u011fi sunar.<\/p>\n<p>&nbsp;<\/p>\n<p>Ayn\u0131 zamanda, daha \u00f6nce taray\u0131c\u0131n\u0131za kaydedilmi\u015f \u00e7erezlerin silinmesi de m\u00fcmk\u00fcnd\u00fcr.<\/p>\n<p>&nbsp;<\/p>\n<p>\u00c7erezleri devre d\u0131\u015f\u0131 b\u0131rak\u0131r veya reddederseniz, baz\u0131 tercihleri \u200b\u200bmanuel olarak ayarlaman\u0131z gerekebilir, hesab\u0131n\u0131z\u0131 tan\u0131yamayaca\u011f\u0131m\u0131z ve ili\u015fkilendiremeyece\u011fimiz i\u00e7in internet sitesindeki baz\u0131 \u00f6zellikler ve hizmetler d\u00fczg\u00fcn \u00e7al\u0131\u015fmayabilir. Taray\u0131c\u0131n\u0131z\u0131n ayarlar\u0131n\u0131 a\u015fa\u011f\u0131daki tablodan ilgili link\u2019e t\u0131klayarak de\u011fi\u015ftirebilirsiniz.<\/p>\n<p>&nbsp;<\/p>\n<table>\n<tbody>\n<tr>\n<td width=\"125\">Google Chrome<\/td>\n<td width=\"583\"><a href=\"http:\/\/www.google.com\/support\/chrome\/bin\/answer.py?hl=en&amp;answer=95647\">http:\/\/www.google.com\/support\/chrome\/bin\/answer.py?hl=en&amp;answer=95647<\/a><\/td>\n<\/tr>\n<tr>\n<td width=\"125\">Internet Explorer<\/td>\n<td width=\"583\"><a href=\"https:\/\/support.microsoft.com\/en-us\/help\/17442\/windows-internet-explorer-delete-manage-cookies%20\">https:\/\/support.microsoft.com\/en-us\/help\/17442\/windows-internet-explorer-delete-manage-cookies<\/a><\/td>\n<\/tr>\n<tr>\n<td width=\"125\">Mozilla Firefox<\/td>\n<td width=\"583\"><a href=\"http:\/\/support.mozilla.com\/en-US\/kb\/Cookies%20\">http:\/\/support.mozilla.com\/en-US\/kb\/Cookies<\/a><\/td>\n<\/tr>\n<tr>\n<td width=\"125\">Opera<\/td>\n<td width=\"583\"><a href=\"http:\/\/www.opera.com\/browser\/tutorials\/security\/privacy\/%20\">http:\/\/www.opera.com\/browser\/tutorials\/security\/privacy\/<\/a><\/td>\n<\/tr>\n<tr>\n<td width=\"125\">Safari<\/td>\n<td width=\"583\"><a href=\"https:\/\/support.apple.com\/kb\/ph19214?locale=tr_TR%20\">https:\/\/support.apple.com\/kb\/ph19214?<\/a><\/td>\n<\/tr>\n<tr>\n<td width=\"125\">Microsoft Edge<\/td>\n<td width=\"583\"><a href=\"https:\/\/support.microsoft.com\/tr-tr\/help\/17442\/windows-internet-explorer-delete-manage-cookies\">https:\/\/support.microsoft.com\/tr-tr\/help\/17442\/windows-internet-explorer-delete-manage-cookies<\/a><\/td>\n<\/tr>\n<\/tbody>\n<\/table>\n<p>&nbsp;<\/p>\n<p>\u00c7erezlerin nas\u0131l yerle\u015ftirildi\u011fi, nas\u0131l g\u00f6r\u00fclece\u011fi ve nas\u0131l y\u00f6netilip silinece\u011fi dahil olmak \u00fczere \u00e7erezler hakk\u0131nda daha fazla bilgi almak i\u00e7in\u00a0<a href=\"http:\/\/www.allaboutcookies.org\/\"><strong>www.allaboutcookies.org<\/strong><\/a>\u00a0veya\u00a0<a href=\"http:\/\/www.aboutcookies.org\/\"><strong>www.aboutcookies.org<\/strong><\/a>\u00a0sayfalar\u0131n\u0131 ziyaret edebilir, Politika ile ilgili t\u00fcm soru ve g\u00f6r\u00fc\u015flerinizi bize iletmek i\u00e7in \u2018<strong>Bize Ula\u015f\u0131n<\/strong>\u2019 b\u00f6l\u00fcm\u00fcn\u00fc kullanabilirsiniz.<\/p>\n<\/div>\n\t\t<\/div><\/div><\/div><\/div><\/div><\/div>","protected":false},"excerpt":{"rendered":"<p>\u00c7EREZ KULLANIM POL\u0130T\u0130KASI ORYATA\u015e \u0130N\u015eAAT VE T\u0130C. A.\u015e. 6698 SAYILI K\u0130\u015e\u0130SEL VER\u0130LER\u0130N KORUNMASI KANUNU (KVKK) \u00c7EREZ POL\u0130T\u0130KASI &nbsp; \u00c7erezler, taray\u0131c\u0131n\u0131z taraf\u0131ndan bilgisayar\u0131n\u0131z\u0131n sabit diskinde saklanan k\u00fc\u00e7\u00fck bilgilerdir. Genellikle ziyaret etti\u011finiz internet sitesini kullanman\u0131z s\u0131ras\u0131nda size ki\u015fiselle\u015ftirilmi\u015f bir deneyim sunmak, sunulan hizmetleri geli\u015ftirmek ve deneyiminizi iyile\u015ftirmek i\u00e7in kullan\u0131l\u0131r ve bir internet sitesinde gezinirken kullan\u0131m kolayl\u0131\u011f\u0131na katk\u0131da&hellip;<\/p>","protected":false},"author":6,"featured_media":0,"parent":0,"menu_order":0,"comment_status":"closed","ping_status":"closed","template":"template-microsite.php","meta":[],"_links":{"self":[{"href":"https:\/\/www.oryapark.com\/en\/wp-json\/wp\/v2\/pages\/8909"}],"collection":[{"href":"https:\/\/www.oryapark.com\/en\/wp-json\/wp\/v2\/pages"}],"about":[{"href":"https:\/\/www.oryapark.com\/en\/wp-json\/wp\/v2\/types\/page"}],"author":[{"embeddable":true,"href":"https:\/\/www.oryapark.com\/en\/wp-json\/wp\/v2\/users\/6"}],"replies":[{"embeddable":true,"href":"https:\/\/www.oryapark.com\/en\/wp-json\/wp\/v2\/comments?post=8909"}],"version-history":[{"count":3,"href":"https:\/\/www.oryapark.com\/en\/wp-json\/wp\/v2\/pages\/8909\/revisions"}],"predecessor-version":[{"id":8912,"href":"https:\/\/www.oryapark.com\/en\/wp-json\/wp\/v2\/pages\/8909\/revisions\/8912"}],"wp:attachment":[{"href":"https:\/\/www.oryapark.com\/en\/wp-json\/wp\/v2\/media?parent=8909"}],"curies":[{"name":"wp","href":"https:\/\/api.w.org\/{rel}","templated":true}]}}