{"id":2008,"date":"2017-01-21T20:05:19","date_gmt":"2017-01-21T18:05:19","guid":{"rendered":"http:\/\/www.oryapark.com\/?page_id=2008"},"modified":"2019-11-28T00:21:24","modified_gmt":"2019-11-27T21:21:24","slug":"21-2","status":"publish","type":"page","link":"https:\/\/www.oryapark.com\/en\/21-2\/","title":{"rendered":"2+1"},"content":{"rendered":"<div class=\"vc_row wpb_row vc_row-fluid dt-default\" style=\"margin-top: 0px;margin-bottom: 0px\"><div class=\"wpb_column vc_column_container vc_col-sm-12\"><div class=\"vc_column-inner\"><div class=\"wpb_wrapper\"><div class=\"vc_empty_space\"\n\t  style=\"height: 125px\"><span class=\"vc_empty_space_inner\"><\/span><\/div>\n<\/div><\/div><\/div><\/div><div class=\"vc_row wpb_row vc_row-fluid dt-default\" style=\"margin-top: 0px;margin-bottom: 0px\"><div class=\"wpb_column vc_column_container vc_col-sm-12\"><div class=\"vc_column-inner\"><div class=\"wpb_wrapper\"><div id=\"ultimate-heading-519269e4c4529a952\" class=\"uvc-heading ult-adjust-bottom-margin ultimate-heading-519269e4c4529a952 uvc-1916\" data-hspacer=\"line_only\"  data-halign=\"center\" style=\"text-align:center\"><div class=\"uvc-main-heading ult-responsive\"  data-ultimate-target='.uvc-heading.ultimate-heading-519269e4c4529a952 h2'  data-responsive-json-new='{\"font-size\":\"desktop:130px;tablet:130px;tablet_portrait:110px;mobile_landscape:80px;mobile:50px;\",\"line-height\":\"desktop:130px;tablet:130px;tablet_portrait:130px;mobile_landscape:130px;mobile:147px;\"}' ><h2 style=\"font-weight:700;color:rgba(74,13,102,0.05);\">\u00d6ZELL\u0130KLER\u0130<\/h2><\/div><div class=\"uvc-sub-heading ult-responsive\"  data-ultimate-target='.uvc-heading.ultimate-heading-519269e4c4529a952 .uvc-sub-heading '  data-responsive-json-new='{\"font-size\":\"desktop:23px;tablet:23px;tablet_portrait:23px;mobile_landscape:23px;mobile:18px;\",\"line-height\":\"desktop:34px;tablet:34px;tablet_portrait:34px;mobile_landscape:34px;mobile:23px;\"}'  style=\"font-weight:800;color:#4a2365;margin-top:-86px;\">2+1 TYPE 1<\/div><div class=\"uvc-heading-spacer line_only\" style=\"margin-top:5px;height:3px;\"><span class=\"uvc-headings-line\" style=\"border-style:solid;border-bottom-width:3px;border-color:#4b2668;width:70px;\"><\/span><\/div><\/div><div class=\"vc_empty_space\"\n\t  style=\"height: 100px\"><span class=\"vc_empty_space_inner\"><\/span><\/div>\n<div class=\"vc_row wpb_row vc_inner vc_row-fluid\"><div class=\"wpb_column vc_column_container vc_col-sm-8\"><div class=\"vc_column-inner\"><div class=\"wpb_wrapper\">\n\t<div  class=\"wpb_single_image wpb_content_element vc_align_left\">\n\t\t\n\t\t<figure class=\"wpb_wrapper vc_figure\">\n\t\t\t<div class=\"vc_single_image-wrapper   vc_box_border_grey\"><img width=\"782\" height=\"648\" src=\"https:\/\/www.oryapark.com\/wp-content\/uploads\/2016\/12\/Oryapark-21-Tip1-Katplani.jpg\" class=\"vc_single_image-img attachment-full\" alt=\"\" decoding=\"async\" loading=\"lazy\" srcset=\"https:\/\/www.oryapark.com\/wp-content\/uploads\/2016\/12\/Oryapark-21-Tip1-Katplani.jpg 782w, https:\/\/www.oryapark.com\/wp-content\/uploads\/2016\/12\/Oryapark-21-Tip1-Katplani-300x249.jpg 300w, https:\/\/www.oryapark.com\/wp-content\/uploads\/2016\/12\/Oryapark-21-Tip1-Katplani-768x636.jpg 768w\" sizes=\"(max-width: 782px) 100vw, 782px\"  data-dt-location=\"https:\/\/www.oryapark.com\/en\/project\/21\/oryapark-21-tip1-katplani\/\" \/><\/div>\n\t\t<\/figure>\n\t<\/div>\n<\/div><\/div><\/div><div class=\"wpb_column vc_column_container vc_col-sm-4\"><div class=\"vc_column-inner\"><div class=\"wpb_wrapper\"><div id=\"ultimate-heading-261869e4c4529c8b0\" class=\"uvc-heading ult-adjust-bottom-margin ultimate-heading-261869e4c4529c8b0 uvc-3095\" data-hspacer=\"no_spacer\"  data-halign=\"left\" style=\"text-align:left\"><div class=\"uvc-heading-spacer no_spacer\" style=\"top\"><\/div><div class=\"uvc-main-heading ult-responsive\"  data-ultimate-target='.uvc-heading.ultimate-heading-261869e4c4529c8b0 h2'  data-responsive-json-new='{\"font-size\":\"desktop:20px;tablet:20px;tablet_portrait:20px;mobile_landscape:20px;mobile:16px;\",\"line-height\":\"desktop:35px;tablet:35px;tablet_portrait:35px;mobile_landscape:25px;mobile:20px;\"}' ><h2 style=\"font-weight:700;color:#4a0d66;\">SQUARE METERS<\/h2><\/div><div class=\"uvc-sub-heading ult-responsive\"  data-ultimate-target='.uvc-heading.ultimate-heading-261869e4c4529c8b0 .uvc-sub-heading '  data-responsive-json-new='{\"font-size\":\"desktop:13px;tablet:13px;tablet_portrait:13px;mobile_landscape:13px;mobile:12px;\",\"line-height\":\"desktop:19px;tablet:19px;tablet_portrait:19px;mobile_landscape:19px;mobile:17px;\"}'  style=\"font-weight:normal;color:#000000;margin-bottom:10px;\"><\/p>\n<table border=\"0\" width=\"200\">\n<tbody>\n<tr>\n<td><strong>GROSS<\/strong><\/td>\n<td><strong>: 138.80 m\u00b2 \u2013 138.86 m\u00b2<\/strong><\/td>\n<\/tr>\n<tr>\n<td><b>NET<\/b><\/td>\n<td><strong>: 91.50 m\u00b2 \u2013 92.12 m\u00b2<\/strong><\/td>\n<\/tr>\n<\/tbody>\n<\/table>\n<p>&nbsp;<\/p>\n<table style=\"height: 279px;\" border=\"0\" width=\"252\">\n<tbody>\n<tr>\n<td><strong>LIVING ROOM<\/strong><\/td>\n<td><strong>: 30<\/strong><strong>.52 m\u00b2<\/strong><\/td>\n<\/tr>\n<tr>\n<td><strong>KITCHEN<\/strong><\/td>\n<td><strong>: 11.50 m\u00b2<\/strong><\/td>\n<\/tr>\n<tr>\n<td><strong>ENTRANCE HALL<\/strong><\/td>\n<td><strong>: 3<\/strong><strong>.46 m\u00b2<\/strong><\/td>\n<\/tr>\n<tr>\n<td><strong>HALLWAY<\/strong><\/td>\n<td><strong>:\u00a0<\/strong><strong>2.85 m\u00b2<\/strong><\/td>\n<\/tr>\n<tr>\n<td><strong>LIVING ROOM 1<\/strong><\/td>\n<td><strong>: 11<\/strong><strong>.57 m\u00b2<\/strong><\/td>\n<\/tr>\n<tr>\n<td><strong>LAUNDRY ROOM<br \/>\n<\/strong><\/td>\n<td><strong>: 2<\/strong><strong>.16 m\u00b2<\/strong><\/td>\n<\/tr>\n<tr>\n<td><strong>HALLWAY<\/strong><\/td>\n<td><strong>: 7.41\u00a0m\u00b2<\/strong><\/td>\n<\/tr>\n<tr>\n<td><b>BATHROOM<\/b><\/td>\n<td><strong>: 3.46 m\u00b2<\/strong><\/td>\n<\/tr>\n<tr>\n<td><b>PARENT'S BEDROOM<\/b><\/td>\n<td><strong>: 17.45 m\u00b2<\/strong><\/td>\n<\/tr>\n<tr>\n<td><b>PARENT'S BATHROOM<\/b><\/td>\n<td><strong>: 3.96 m\u00b2<\/strong><\/td>\n<\/tr>\n<\/tbody>\n<\/table>\n<p><\/div><\/div><\/div><\/div><\/div><\/div><div class=\"vc_empty_space\"\n\t  style=\"height: 100px\"><span class=\"vc_empty_space_inner\"><\/span><\/div>\n<div id=\"ultimate-heading-211669e4c4529cbec\" class=\"uvc-heading ult-adjust-bottom-margin ultimate-heading-211669e4c4529cbec uvc-344\" data-hspacer=\"line_only\"  data-halign=\"center\" style=\"text-align:center\"><div class=\"uvc-sub-heading ult-responsive\"  data-ultimate-target='.uvc-heading.ultimate-heading-211669e4c4529cbec .uvc-sub-heading '  data-responsive-json-new='{\"font-size\":\"desktop:23px;tablet:23px;tablet_portrait:23px;mobile_landscape:23px;mobile:18px;\",\"line-height\":\"desktop:34px;tablet:34px;tablet_portrait:34px;mobile_landscape:34px;mobile:23px;\"}'  style=\"font-family:&#039;Roboto&#039;;font-weight:800;color:#4a2365;margin-top:-86px;\">2+1 TYPE 2<\/div><div class=\"uvc-heading-spacer line_only\" style=\"margin-top:5px;height:3px;\"><span class=\"uvc-headings-line\" style=\"border-style:solid;border-bottom-width:3px;border-color:#4b2668;width:70px;\"><\/span><\/div><\/div><div class=\"vc_empty_space\"\n\t  style=\"height: 100px\"><span class=\"vc_empty_space_inner\"><\/span><\/div>\n<div class=\"vc_row wpb_row vc_inner vc_row-fluid\"><div class=\"wpb_column vc_column_container vc_col-sm-8\"><div class=\"vc_column-inner\"><div class=\"wpb_wrapper\">\n\t<div  class=\"wpb_single_image wpb_content_element vc_align_left\">\n\t\t\n\t\t<figure class=\"wpb_wrapper vc_figure\">\n\t\t\t<div class=\"vc_single_image-wrapper   vc_box_border_grey\"><img width=\"782\" height=\"648\" src=\"https:\/\/www.oryapark.com\/wp-content\/uploads\/2016\/12\/Oryapark-21-Tip2-Katplani.jpg\" class=\"vc_single_image-img attachment-full\" alt=\"\" decoding=\"async\" loading=\"lazy\" srcset=\"https:\/\/www.oryapark.com\/wp-content\/uploads\/2016\/12\/Oryapark-21-Tip2-Katplani.jpg 782w, https:\/\/www.oryapark.com\/wp-content\/uploads\/2016\/12\/Oryapark-21-Tip2-Katplani-300x249.jpg 300w, https:\/\/www.oryapark.com\/wp-content\/uploads\/2016\/12\/Oryapark-21-Tip2-Katplani-768x636.jpg 768w\" sizes=\"(max-width: 782px) 100vw, 782px\"  data-dt-location=\"https:\/\/www.oryapark.com\/en\/project\/21\/oryapark-21-tip2-katplani\/\" \/><\/div>\n\t\t<\/figure>\n\t<\/div>\n<\/div><\/div><\/div><div class=\"wpb_column vc_column_container vc_col-sm-4\"><div class=\"vc_column-inner\"><div class=\"wpb_wrapper\"><div id=\"ultimate-heading-74369e4c4529e310\" class=\"uvc-heading ult-adjust-bottom-margin ultimate-heading-74369e4c4529e310 uvc-2416\" data-hspacer=\"no_spacer\"  data-halign=\"left\" style=\"text-align:left\"><div class=\"uvc-heading-spacer no_spacer\" style=\"top\"><\/div><div class=\"uvc-main-heading ult-responsive\"  data-ultimate-target='.uvc-heading.ultimate-heading-74369e4c4529e310 h2'  data-responsive-json-new='{\"font-size\":\"desktop:20px;tablet:20px;tablet_portrait:20px;mobile_landscape:20px;mobile:16px;\",\"line-height\":\"desktop:35px;tablet:35px;tablet_portrait:35px;mobile_landscape:25px;mobile:20px;\"}' ><h2 style=\"font-weight:700;color:#4a0d66;\">SQUARE METERS<\/h2><\/div><div class=\"uvc-sub-heading ult-responsive\"  data-ultimate-target='.uvc-heading.ultimate-heading-74369e4c4529e310 .uvc-sub-heading '  data-responsive-json-new='{\"font-size\":\"desktop:13px;tablet:13px;tablet_portrait:13px;mobile_landscape:13px;mobile:12px;\",\"line-height\":\"desktop:19px;tablet:19px;tablet_portrait:19px;mobile_landscape:19px;mobile:17px;\"}'  style=\"font-weight:normal;color:#000000;margin-bottom:10px;\"><\/p>\n<table border=\"0\" width=\"200\">\n<tbody>\n<tr>\n<td><strong>GROSS<\/strong><\/td>\n<td><strong>: 156.85 m\u00b2 \u2013 157.11 m\u00b2<\/strong><\/td>\n<\/tr>\n<tr>\n<td><b>NET<\/b><\/td>\n<td><strong>: 100.33 m\u00b2 \u2013 101.43 m\u00b2<\/strong><\/td>\n<\/tr>\n<\/tbody>\n<\/table>\n<p>&nbsp;<\/p>\n<table style=\"height: 279px;\" border=\"0\" width=\"252\">\n<tbody>\n<tr>\n<td><strong>LIVING ROOM<\/strong><\/td>\n<td><strong>: 28<\/strong><strong>.77 m\u00b2<\/strong><\/td>\n<\/tr>\n<tr>\n<td><strong>KITCHEN<\/strong><\/td>\n<td><strong>: 9.96 m\u00b2<\/strong><\/td>\n<\/tr>\n<tr>\n<td><strong>ENTRANCE HALL<\/strong><\/td>\n<td><strong>: 5<\/strong><strong>.80 m\u00b2<\/strong><\/td>\n<\/tr>\n<tr>\n<td><strong>HALLWAY<\/strong><\/td>\n<td><strong>: 3<\/strong><strong>.35 m\u00b2<\/strong><\/td>\n<\/tr>\n<tr>\n<td><strong>LIVING ROOM 1<\/strong><\/td>\n<td><strong>: 9<\/strong><strong>.86 m\u00b2<\/strong><\/td>\n<\/tr>\n<tr>\n<td><strong>BATHROOM<br \/>\n<\/strong><\/td>\n<td><strong>: 3<\/strong><strong>.84 m\u00b2<\/strong><\/td>\n<\/tr>\n<tr>\n<td><strong>PARENT'S BEDROOM<\/strong><\/td>\n<td><strong>: 15.87 m\u00b2<\/strong><\/td>\n<\/tr>\n<tr>\n<td><b><strong>PARENT'S\u00a0<\/strong>BATHROOM<\/b><\/td>\n<td><strong>: 3.72 m\u00b2<\/strong><\/td>\n<\/tr>\n<tr>\n<td><b>BALCONY 1<\/b><\/td>\n<td><strong>: 12.31 m\u00b2<\/strong><\/td>\n<\/tr>\n<tr>\n<td><b>BALCONY 2<\/b><\/td>\n<td><strong>: 6.85 m\u00b2<\/strong><\/td>\n<\/tr>\n<\/tbody>\n<\/table>\n<p><\/div><\/div><\/div><\/div><\/div><\/div><div class=\"vc_empty_space\"\n\t  style=\"height: 130px\"><span class=\"vc_empty_space_inner\"><\/span><\/div>\n<\/div><\/div><\/div><\/div>","protected":false},"excerpt":{"rendered":"<p>\u00d6ZELL\u0130KLER\u01302+1 T\u0130P 1 METREKARELER BR\u00dcT : 138.80 m\u00b2 \u2013 138.86 m\u00b2 NET : 91.50 m\u00b2 \u2013 92.12 m\u00b2 &nbsp; SALON : 30.52 m\u00b2 MUTFAK : 11.50 m\u00b2 G\u0130R\u0130\u015e HOL\u00dc : 3.46 m\u00b2 KOR\u0130DOR :\u00a02.85 m\u00b2 YATAK ODASI 1 : 11.57 m\u00b2 \u00c7AMA\u015eIR ODASI : 2.16 m\u00b2 KOR\u0130DOR : 7.41\u00a0m\u00b2 BANYO : 3.46 m\u00b2 EBEVEYN YATAK&hellip;<\/p>","protected":false},"author":6,"featured_media":0,"parent":0,"menu_order":0,"comment_status":"closed","ping_status":"closed","template":"template-microsite.php","meta":[],"_links":{"self":[{"href":"https:\/\/www.oryapark.com\/en\/wp-json\/wp\/v2\/pages\/2008"}],"collection":[{"href":"https:\/\/www.oryapark.com\/en\/wp-json\/wp\/v2\/pages"}],"about":[{"href":"https:\/\/www.oryapark.com\/en\/wp-json\/wp\/v2\/types\/page"}],"author":[{"embeddable":true,"href":"https:\/\/www.oryapark.com\/en\/wp-json\/wp\/v2\/users\/6"}],"replies":[{"embeddable":true,"href":"https:\/\/www.oryapark.com\/en\/wp-json\/wp\/v2\/comments?post=2008"}],"version-history":[{"count":1,"href":"https:\/\/www.oryapark.com\/en\/wp-json\/wp\/v2\/pages\/2008\/revisions"}],"predecessor-version":[{"id":8845,"href":"https:\/\/www.oryapark.com\/en\/wp-json\/wp\/v2\/pages\/2008\/revisions\/8845"}],"wp:attachment":[{"href":"https:\/\/www.oryapark.com\/en\/wp-json\/wp\/v2\/media?parent=2008"}],"curies":[{"name":"wp","href":"https:\/\/api.w.org\/{rel}","templated":true}]}}