{"id":1997,"date":"2017-01-21T00:15:14","date_gmt":"2017-01-20T22:15:14","guid":{"rendered":"http:\/\/www.oryapark.com\/?page_id=1997"},"modified":"2019-11-28T00:21:24","modified_gmt":"2019-11-27T21:21:24","slug":"3-1-katplani","status":"publish","type":"page","link":"https:\/\/www.oryapark.com\/en\/3-1-katplani\/","title":{"rendered":"3+1"},"content":{"rendered":"<div class=\"vc_row wpb_row vc_row-fluid dt-default\" style=\"margin-top: 0px;margin-bottom: 0px\"><div class=\"wpb_column vc_column_container vc_col-sm-12\"><div class=\"vc_column-inner\"><div class=\"wpb_wrapper\"><div class=\"vc_empty_space\"\n\t  style=\"height: 125px\"><span class=\"vc_empty_space_inner\"><\/span><\/div>\n<\/div><\/div><\/div><\/div><div class=\"vc_row wpb_row vc_row-fluid dt-default\" style=\"margin-top: 0px;margin-bottom: 0px\"><div class=\"wpb_column vc_column_container vc_col-sm-12\"><div class=\"vc_column-inner\"><div class=\"wpb_wrapper\"><div id=\"ultimate-heading-181269e76282b36ad\" class=\"uvc-heading ult-adjust-bottom-margin ultimate-heading-181269e76282b36ad uvc-790\" data-hspacer=\"line_only\"  data-halign=\"center\" style=\"text-align:center\"><div class=\"uvc-main-heading ult-responsive\"  data-ultimate-target='.uvc-heading.ultimate-heading-181269e76282b36ad h2'  data-responsive-json-new='{\"font-size\":\"desktop:130px;tablet:130px;tablet_portrait:110px;mobile_landscape:80px;mobile:50px;\",\"line-height\":\"desktop:130px;tablet:130px;tablet_portrait:130px;mobile_landscape:130px;mobile:147px;\"}' ><h2 style=\"font-weight:700;color:rgba(74,13,102,0.05);\">\u00d6ZELL\u0130KLER\u0130<\/h2><\/div><div class=\"uvc-sub-heading ult-responsive\"  data-ultimate-target='.uvc-heading.ultimate-heading-181269e76282b36ad .uvc-sub-heading '  data-responsive-json-new='{\"font-size\":\"desktop:23px;tablet:23px;tablet_portrait:23px;mobile_landscape:23px;mobile:18px;\",\"line-height\":\"desktop:34px;tablet:34px;tablet_portrait:34px;mobile_landscape:34px;mobile:23px;\"}'  style=\"font-weight:800;color:#4a2365;margin-top:-86px;\">3+1 TYPE 1<\/div><div class=\"uvc-heading-spacer line_only\" style=\"margin-top:5px;height:3px;\"><span class=\"uvc-headings-line\" style=\"border-style:solid;border-bottom-width:3px;border-color:#4b2668;width:70px;\"><\/span><\/div><\/div><div class=\"vc_empty_space\"\n\t  style=\"height: 100px\"><span class=\"vc_empty_space_inner\"><\/span><\/div>\n<div class=\"vc_row wpb_row vc_inner vc_row-fluid\"><div class=\"wpb_column vc_column_container vc_col-sm-8\"><div class=\"vc_column-inner\"><div class=\"wpb_wrapper\">\n\t<div  class=\"wpb_single_image wpb_content_element vc_align_left\">\n\t\t\n\t\t<figure class=\"wpb_wrapper vc_figure\">\n\t\t\t<div class=\"vc_single_image-wrapper   vc_box_border_grey\"><img width=\"808\" height=\"648\" src=\"https:\/\/www.oryapark.com\/wp-content\/uploads\/2016\/12\/Oryapark-31-tip1-kat-plani.jpg\" class=\"vc_single_image-img attachment-full\" alt=\"\" decoding=\"async\" loading=\"lazy\" srcset=\"https:\/\/www.oryapark.com\/wp-content\/uploads\/2016\/12\/Oryapark-31-tip1-kat-plani.jpg 808w, https:\/\/www.oryapark.com\/wp-content\/uploads\/2016\/12\/Oryapark-31-tip1-kat-plani-300x241.jpg 300w, https:\/\/www.oryapark.com\/wp-content\/uploads\/2016\/12\/Oryapark-31-tip1-kat-plani-768x616.jpg 768w\" sizes=\"(max-width: 808px) 100vw, 808px\"  data-dt-location=\"https:\/\/www.oryapark.com\/en\/project\/3arti1\/oryapark-31-tip1-kat-plani\/\" \/><\/div>\n\t\t<\/figure>\n\t<\/div>\n<\/div><\/div><\/div><div class=\"wpb_column vc_column_container vc_col-sm-4\"><div class=\"vc_column-inner\"><div class=\"wpb_wrapper\"><div id=\"ultimate-heading-19269e76282bb78f\" class=\"uvc-heading ult-adjust-bottom-margin ultimate-heading-19269e76282bb78f uvc-4462\" data-hspacer=\"no_spacer\"  data-halign=\"left\" style=\"text-align:left\"><div class=\"uvc-heading-spacer no_spacer\" style=\"top\"><\/div><div class=\"uvc-main-heading ult-responsive\"  data-ultimate-target='.uvc-heading.ultimate-heading-19269e76282bb78f h2'  data-responsive-json-new='{\"font-size\":\"desktop:20px;tablet:20px;tablet_portrait:20px;mobile_landscape:20px;mobile:16px;\",\"line-height\":\"desktop:35px;tablet:35px;tablet_portrait:35px;mobile_landscape:25px;mobile:20px;\"}' ><h2 style=\"font-weight:700;color:#4a0d66;\">SQUARE METERS<\/h2><\/div><div class=\"uvc-sub-heading ult-responsive\"  data-ultimate-target='.uvc-heading.ultimate-heading-19269e76282bb78f .uvc-sub-heading '  data-responsive-json-new='{\"font-size\":\"desktop:13px;tablet:13px;tablet_portrait:13px;mobile_landscape:13px;mobile:12px;\",\"line-height\":\"desktop:19px;tablet:19px;tablet_portrait:19px;mobile_landscape:19px;mobile:17px;\"}'  style=\"font-weight:normal;color:#000000;margin-bottom:10px;\"><\/p>\n<table border=\"0\" width=\"200\">\n<tbody>\n<tr>\n<td><strong>GROSS<\/strong><\/td>\n<td><strong>: 196.84 m\u00b2 \u2013 196.87 m\u00b2<\/strong><\/td>\n<\/tr>\n<tr>\n<td><b>NET<\/b><\/td>\n<td><strong>: 128.42 m\u00b2 \u2013 128.71 m\u00b2<\/strong><\/td>\n<\/tr>\n<\/tbody>\n<\/table>\n<p>&nbsp;<\/p>\n<table style=\"height: 279px;\" border=\"0\" width=\"252\">\n<tbody>\n<tr>\n<td><strong>LIVING ROOM<\/strong><\/td>\n<td><strong>: 33<\/strong><strong>.60 m\u00b2<\/strong><\/td>\n<\/tr>\n<tr>\n<td><strong>KITCHEN<\/strong><\/td>\n<td><strong>: 11.03 m\u00b2<\/strong><\/td>\n<\/tr>\n<tr>\n<td><strong>ENTRANCE HALL<\/strong><\/td>\n<td><strong>: 6<\/strong><strong>.75 m\u00b2<\/strong><\/td>\n<\/tr>\n<tr>\n<td><strong>LIVING ROOM 1<\/strong><\/td>\n<td><strong>: 11<\/strong><strong>.57 m\u00b2<\/strong><\/td>\n<\/tr>\n<tr>\n<td><strong>LAUNDRY ROOM<br \/>\n<\/strong><\/td>\n<td><strong>: 2<\/strong><strong>.28 m\u00b2<\/strong><\/td>\n<\/tr>\n<tr>\n<td><strong>BEDROOM 2<\/strong><\/td>\n<td><strong>: 10.59 m\u00b2<\/strong><\/td>\n<\/tr>\n<tr>\n<td><b>HALLWAY<\/b><\/td>\n<td><strong>: 6.83 m\u00b2<\/strong><\/td>\n<\/tr>\n<tr>\n<td><b>BATHROOM<\/b><\/td>\n<td><strong>: 4.12 m\u00b2<\/strong><\/td>\n<\/tr>\n<tr>\n<td><b>PARENT'S BEDROOM<\/b><\/td>\n<td><strong>: 18.13 m\u00b2<\/strong><\/td>\n<\/tr>\n<tr>\n<td><b>PARENT'S BATHROOM<\/b><\/td>\n<td><strong>: 4.56 m\u00b2<\/strong><\/td>\n<\/tr>\n<tr>\n<td><b>BALCONY 1<\/b><\/td>\n<td><strong>: 12.31 m\u00b2<\/strong><\/td>\n<\/tr>\n<tr>\n<td><b>BALCONY 2<\/b><\/td>\n<td><strong>: 6.69 m\u00b2<\/strong><\/td>\n<\/tr>\n<\/tbody>\n<\/table>\n<p><\/div><\/div><\/div><\/div><\/div><\/div><div class=\"vc_empty_space\"\n\t  style=\"height: 100px\"><span class=\"vc_empty_space_inner\"><\/span><\/div>\n<div class=\"vc_empty_space\"\n\t  style=\"height: 100px\"><span class=\"vc_empty_space_inner\"><\/span><\/div>\n<div id=\"ultimate-heading-155669e76282bbcb7\" class=\"uvc-heading ult-adjust-bottom-margin ultimate-heading-155669e76282bbcb7 uvc-2517\" data-hspacer=\"line_only\"  data-halign=\"center\" style=\"text-align:center\"><div class=\"uvc-sub-heading ult-responsive\"  data-ultimate-target='.uvc-heading.ultimate-heading-155669e76282bbcb7 .uvc-sub-heading '  data-responsive-json-new='{\"font-size\":\"desktop:23px;tablet:23px;tablet_portrait:23px;mobile_landscape:23px;mobile:18px;\",\"line-height\":\"desktop:34px;tablet:34px;tablet_portrait:34px;mobile_landscape:34px;mobile:23px;\"}'  style=\"font-weight:800;color:#4a2365;margin-top:-86px;\">3+1 TYPE 2<\/div><div class=\"uvc-heading-spacer line_only\" style=\"margin-top:5px;height:3px;\"><span class=\"uvc-headings-line\" style=\"border-style:solid;border-bottom-width:3px;border-color:#4b2668;width:70px;\"><\/span><\/div><\/div><div class=\"vc_row wpb_row vc_inner vc_row-fluid\"><div class=\"wpb_column vc_column_container vc_col-sm-8\"><div class=\"vc_column-inner\"><div class=\"wpb_wrapper\">\n\t<div  class=\"wpb_single_image wpb_content_element vc_align_left\">\n\t\t\n\t\t<figure class=\"wpb_wrapper vc_figure\">\n\t\t\t<div class=\"vc_single_image-wrapper   vc_box_border_grey\"><img width=\"782\" height=\"648\" src=\"https:\/\/www.oryapark.com\/wp-content\/uploads\/2016\/12\/Oryapark-31-Daire-Kat-Plani-Tip-2.jpg\" class=\"vc_single_image-img attachment-full\" alt=\"\" decoding=\"async\" loading=\"lazy\" srcset=\"https:\/\/www.oryapark.com\/wp-content\/uploads\/2016\/12\/Oryapark-31-Daire-Kat-Plani-Tip-2.jpg 782w, https:\/\/www.oryapark.com\/wp-content\/uploads\/2016\/12\/Oryapark-31-Daire-Kat-Plani-Tip-2-300x249.jpg 300w, https:\/\/www.oryapark.com\/wp-content\/uploads\/2016\/12\/Oryapark-31-Daire-Kat-Plani-Tip-2-768x636.jpg 768w\" sizes=\"(max-width: 782px) 100vw, 782px\"  data-dt-location=\"https:\/\/www.oryapark.com\/en\/project\/3arti1\/oryapark-31-daire-kat-plani-tip-2\/\" \/><\/div>\n\t\t<\/figure>\n\t<\/div>\n<\/div><\/div><\/div><div class=\"wpb_column vc_column_container vc_col-sm-4\"><div class=\"vc_column-inner\"><div class=\"wpb_wrapper\"><div id=\"ultimate-heading-675669e76282bd414\" class=\"uvc-heading ult-adjust-bottom-margin ultimate-heading-675669e76282bd414 uvc-7\" data-hspacer=\"no_spacer\"  data-halign=\"left\" style=\"text-align:left\"><div class=\"uvc-heading-spacer no_spacer\" style=\"top\"><\/div><div class=\"uvc-main-heading ult-responsive\"  data-ultimate-target='.uvc-heading.ultimate-heading-675669e76282bd414 h2'  data-responsive-json-new='{\"font-size\":\"desktop:20px;tablet:20px;tablet_portrait:20px;mobile_landscape:20px;mobile:16px;\",\"line-height\":\"desktop:35px;tablet:35px;tablet_portrait:35px;mobile_landscape:25px;mobile:20px;\"}' ><h2 style=\"font-weight:700;color:#4a0d66;\">SQUARE METERS<\/h2><\/div><div class=\"uvc-sub-heading ult-responsive\"  data-ultimate-target='.uvc-heading.ultimate-heading-675669e76282bd414 .uvc-sub-heading '  data-responsive-json-new='{\"font-size\":\"desktop:13px;tablet:13px;tablet_portrait:13px;mobile_landscape:13px;mobile:12px;\",\"line-height\":\"desktop:19px;tablet:19px;tablet_portrait:19px;mobile_landscape:19px;mobile:17px;\"}'  style=\"font-weight:normal;color:#000000;margin-bottom:10px;\"><\/p>\n<table border=\"0\" width=\"200\">\n<tbody>\n<tr>\n<td><strong>GROSS<\/strong><\/td>\n<td><strong>: 172.68 m\u00b2 \u2013 173.02 m\u00b2<\/strong><\/td>\n<\/tr>\n<tr>\n<td><b>NET<\/b><\/td>\n<td><strong>: 109.06 m\u00b2 \u2013 110.85 m\u00b2<\/strong><\/td>\n<\/tr>\n<\/tbody>\n<\/table>\n<p>&nbsp;<\/p>\n<table style=\"height: 279px;\" border=\"0\" width=\"252\">\n<tbody>\n<tr>\n<td><strong>LIVING ROOM<\/strong><\/td>\n<td><strong>: 30<\/strong><strong>.92 m\u00b2<\/strong><\/td>\n<\/tr>\n<tr>\n<td><strong>KITCHEN<\/strong><\/td>\n<td><strong>: 10.61 m\u00b2<\/strong><\/td>\n<\/tr>\n<tr>\n<td><strong>ENTRANCE HALL<\/strong><\/td>\n<td><strong>: 5<\/strong><strong>.87 m\u00b2<\/strong><\/td>\n<\/tr>\n<tr>\n<td><strong>LIVING ROOM 1<\/strong><\/td>\n<td><strong>: 8<\/strong><strong>.24 m\u00b2<\/strong><\/td>\n<\/tr>\n<tr>\n<td><strong>LAUNDRY ROOM<br \/>\n<\/strong><\/td>\n<td><strong>: 2<\/strong><strong>.25 m\u00b2<\/strong><\/td>\n<\/tr>\n<tr>\n<td><b>WC<\/b><\/td>\n<td><strong>: 2.55\u00a0m\u00b2<\/strong><\/td>\n<\/tr>\n<tr>\n<td><b>BEDROOM 2<\/b><\/td>\n<td><strong>: 11.10 m\u00b2<\/strong><\/td>\n<\/tr>\n<tr>\n<td><b>HALLWAY<\/b><\/td>\n<td><strong>: 8.36 m\u00b2<\/strong><\/td>\n<\/tr>\n<tr>\n<td><b>BATHROOM<\/b><\/td>\n<td><strong>: 4.07 m\u00b2<\/strong><\/td>\n<\/tr>\n<tr>\n<td><b>PARENT'S BEDROOM<\/b><\/td>\n<td><strong>: 18.39 m\u00b2<\/strong><\/td>\n<\/tr>\n<tr>\n<td><b>PARENT'S BATHROOM<\/b><\/td>\n<td><strong>: 3.79 m\u00b2<\/strong><\/td>\n<\/tr>\n<tr>\n<td><b>DRESSING ROOM<\/b><\/td>\n<td><strong>: 4.69 m\u00b2<\/strong><\/td>\n<\/tr>\n<\/tbody>\n<\/table>\n<p><\/div><\/div><\/div><\/div><\/div><\/div><div class=\"vc_empty_space\"\n\t  style=\"height: 100px\"><span class=\"vc_empty_space_inner\"><\/span><\/div>\n<div id=\"ultimate-heading-154169e76282bd780\" class=\"uvc-heading ult-adjust-bottom-margin ultimate-heading-154169e76282bd780 uvc-6240\" data-hspacer=\"line_only\"  data-halign=\"center\" style=\"text-align:center\"><div class=\"uvc-sub-heading ult-responsive\"  data-ultimate-target='.uvc-heading.ultimate-heading-154169e76282bd780 .uvc-sub-heading '  data-responsive-json-new='{\"font-size\":\"desktop:23px;tablet:23px;tablet_portrait:23px;mobile_landscape:23px;mobile:18px;\",\"line-height\":\"desktop:34px;tablet:34px;tablet_portrait:34px;mobile_landscape:34px;mobile:23px;\"}'  style=\"font-family:&#039;Roboto&#039;;font-weight:800;color:#4a2365;margin-top:-86px;\">3+1 TYPE 2 B<\/div><div class=\"uvc-heading-spacer line_only\" style=\"margin-top:5px;height:3px;\"><span class=\"uvc-headings-line\" style=\"border-style:solid;border-bottom-width:3px;border-color:#4b2668;width:70px;\"><\/span><\/div><\/div><div class=\"vc_empty_space\"\n\t  style=\"height: 100px\"><span class=\"vc_empty_space_inner\"><\/span><\/div>\n<div class=\"vc_row wpb_row vc_inner vc_row-fluid\"><div class=\"wpb_column vc_column_container vc_col-sm-8\"><div class=\"vc_column-inner\"><div class=\"wpb_wrapper\">\n\t<div  class=\"wpb_single_image wpb_content_element vc_align_left\">\n\t\t\n\t\t<figure class=\"wpb_wrapper vc_figure\">\n\t\t\t<div class=\"vc_single_image-wrapper   vc_box_border_grey\"><img width=\"782\" height=\"648\" src=\"https:\/\/www.oryapark.com\/wp-content\/uploads\/2016\/12\/Oryapark-31-Daire-Kat-Plani-Tip-2-Yon.jpg\" class=\"vc_single_image-img attachment-full\" alt=\"\" decoding=\"async\" loading=\"lazy\" srcset=\"https:\/\/www.oryapark.com\/wp-content\/uploads\/2016\/12\/Oryapark-31-Daire-Kat-Plani-Tip-2-Yon.jpg 782w, https:\/\/www.oryapark.com\/wp-content\/uploads\/2016\/12\/Oryapark-31-Daire-Kat-Plani-Tip-2-Yon-300x249.jpg 300w, https:\/\/www.oryapark.com\/wp-content\/uploads\/2016\/12\/Oryapark-31-Daire-Kat-Plani-Tip-2-Yon-768x636.jpg 768w\" sizes=\"(max-width: 782px) 100vw, 782px\"  data-dt-location=\"https:\/\/www.oryapark.com\/en\/project\/3arti1\/oryapark-31-daire-kat-plani-tip-2-yon\/\" \/><\/div>\n\t\t<\/figure>\n\t<\/div>\n<\/div><\/div><\/div><div class=\"wpb_column vc_column_container vc_col-sm-4\"><div class=\"vc_column-inner\"><div class=\"wpb_wrapper\"><div id=\"ultimate-heading-49269e76282bf2ca\" class=\"uvc-heading ult-adjust-bottom-margin ultimate-heading-49269e76282bf2ca uvc-4811\" data-hspacer=\"no_spacer\"  data-halign=\"left\" style=\"text-align:left\"><div class=\"uvc-heading-spacer no_spacer\" style=\"top\"><\/div><div class=\"uvc-main-heading ult-responsive\"  data-ultimate-target='.uvc-heading.ultimate-heading-49269e76282bf2ca h2'  data-responsive-json-new='{\"font-size\":\"desktop:20px;tablet:20px;tablet_portrait:20px;mobile_landscape:20px;mobile:16px;\",\"line-height\":\"desktop:35px;tablet:35px;tablet_portrait:35px;mobile_landscape:25px;mobile:20px;\"}' ><h2 style=\"font-weight:700;color:#4a0d66;\">SQUARE METERS<\/h2><\/div><div class=\"uvc-sub-heading ult-responsive\"  data-ultimate-target='.uvc-heading.ultimate-heading-49269e76282bf2ca .uvc-sub-heading '  data-responsive-json-new='{\"font-size\":\"desktop:13px;tablet:13px;tablet_portrait:13px;mobile_landscape:13px;mobile:12px;\",\"line-height\":\"desktop:19px;tablet:19px;tablet_portrait:19px;mobile_landscape:19px;mobile:17px;\"}'  style=\"font-weight:normal;color:#000000;margin-bottom:10px;\"><\/p>\n<table border=\"0\" width=\"200\">\n<tbody>\n<tr>\n<td><strong>GROSS<\/strong><\/td>\n<td><strong>: 172.68 m\u00b2 \u2013 173.02 m\u00b2<\/strong><\/td>\n<\/tr>\n<tr>\n<td><b>NET<\/b><\/td>\n<td><strong>: 110.22 m\u00b2 \u2013 112.00 m\u00b2<\/strong><\/td>\n<\/tr>\n<\/tbody>\n<\/table>\n<p>&nbsp;<\/p>\n<table style=\"height: 279px;\" border=\"0\" width=\"252\">\n<tbody>\n<tr>\n<td><strong>LIVING ROOM<\/strong><\/td>\n<td><strong>: 30<\/strong><strong>.92 m\u00b2<\/strong><\/td>\n<\/tr>\n<tr>\n<td><strong>KITCHEN<\/strong><\/td>\n<td><strong>: 10.61 m\u00b2<\/strong><\/td>\n<\/tr>\n<tr>\n<td><strong>ENTRANCE HALL<\/strong><\/td>\n<td><strong>: 5<\/strong><strong>.87 m\u00b2<\/strong><\/td>\n<\/tr>\n<tr>\n<td><strong>LIVING ROOM 1<\/strong><\/td>\n<td><strong>: 8<\/strong><strong>.24 m\u00b2<\/strong><\/td>\n<\/tr>\n<tr>\n<td><strong>LAUNDRY ROOM<br \/>\n<\/strong><\/td>\n<td><strong>: 2<\/strong><strong>.25 m\u00b2<\/strong><\/td>\n<\/tr>\n<tr>\n<td><b>WC<\/b><\/td>\n<td><strong>: 2.55\u00a0m\u00b2<\/strong><\/td>\n<\/tr>\n<tr>\n<td><b>BEDROOM 2<\/b><\/td>\n<td><strong>: 11.10 m\u00b2<\/strong><\/td>\n<\/tr>\n<tr>\n<td><b>HALLWAY<\/b><\/td>\n<td><strong>: 8.36 m\u00b2<\/strong><\/td>\n<\/tr>\n<tr>\n<td><b>BATHROOM<\/b><\/td>\n<td><strong>: 4.07 m\u00b2<\/strong><\/td>\n<\/tr>\n<tr>\n<td><b>PARENT'S BEDROOM<\/b><\/td>\n<td><strong>: 19.60 m\u00b2<\/strong><\/td>\n<\/tr>\n<tr>\n<td><b>PARENT'S BATHROOM<\/b><\/td>\n<td><strong>: 3.74 m\u00b2<\/strong><\/td>\n<\/tr>\n<tr>\n<td><b>DRESSING ROOM<\/b><\/td>\n<td><strong>: 4.68 m\u00b2<\/strong><\/td>\n<\/tr>\n<\/tbody>\n<\/table>\n<p><\/div><\/div><\/div><\/div><\/div><\/div><div class=\"vc_empty_space\"\n\t  style=\"height: 130px\"><span class=\"vc_empty_space_inner\"><\/span><\/div>\n<\/div><\/div><\/div><\/div>","protected":false},"excerpt":{"rendered":"<p>\u00d6ZELL\u0130KLER\u01303+1 T\u0130P 1 METREKARELER BR\u00dcT : 196.84 m\u00b2 \u2013 196.87 m\u00b2 NET : 128.42 m\u00b2 \u2013 128.71 m\u00b2 &nbsp; SALON : 33.60 m\u00b2 MUTFAK : 11.03 m\u00b2 G\u0130R\u0130\u015e HOL\u00dc : 6.75 m\u00b2 YATAK ODASI 1 : 11.57 m\u00b2 \u00c7AMA\u015eIR ODASI : 2.28 m\u00b2 YATAK ODASI 2 : 10.59 m\u00b2 KOR\u0130DOR : 6.83 m\u00b2 BANYO :&hellip;<\/p>","protected":false},"author":6,"featured_media":0,"parent":0,"menu_order":0,"comment_status":"closed","ping_status":"closed","template":"template-microsite.php","meta":[],"_links":{"self":[{"href":"https:\/\/www.oryapark.com\/en\/wp-json\/wp\/v2\/pages\/1997"}],"collection":[{"href":"https:\/\/www.oryapark.com\/en\/wp-json\/wp\/v2\/pages"}],"about":[{"href":"https:\/\/www.oryapark.com\/en\/wp-json\/wp\/v2\/types\/page"}],"author":[{"embeddable":true,"href":"https:\/\/www.oryapark.com\/en\/wp-json\/wp\/v2\/users\/6"}],"replies":[{"embeddable":true,"href":"https:\/\/www.oryapark.com\/en\/wp-json\/wp\/v2\/comments?post=1997"}],"version-history":[{"count":1,"href":"https:\/\/www.oryapark.com\/en\/wp-json\/wp\/v2\/pages\/1997\/revisions"}],"predecessor-version":[{"id":8846,"href":"https:\/\/www.oryapark.com\/en\/wp-json\/wp\/v2\/pages\/1997\/revisions\/8846"}],"wp:attachment":[{"href":"https:\/\/www.oryapark.com\/en\/wp-json\/wp\/v2\/media?parent=1997"}],"curies":[{"name":"wp","href":"https:\/\/api.w.org\/{rel}","templated":true}]}}