{"id":1251,"date":"2016-12-18T23:25:58","date_gmt":"2016-12-18T21:25:58","guid":{"rendered":"http:\/\/www.oryapark.com\/?page_id=1251"},"modified":"2019-11-28T00:21:25","modified_gmt":"2019-11-27T21:21:25","slug":"orya-holding","status":"publish","type":"page","link":"https:\/\/www.oryapark.com\/en\/orya-holding\/","title":{"rendered":"ORYA HOLDING"},"content":{"rendered":"<div class=\"vc_row wpb_row vc_row-fluid dt-default\" style=\"margin-top: 0px;margin-bottom: 0px\"><div class=\"wpb_column vc_column_container vc_col-sm-12\"><div class=\"vc_column-inner\"><div class=\"wpb_wrapper\"><div class=\"vc_separator wpb_content_element vc_separator_align_center vc_sep_width_100 vc_sep_dotted vc_sep_pos_align_center vc_separator_no_text vc_sep_color_grey\" ><span class=\"vc_sep_holder vc_sep_holder_l\"><span  class=\"vc_sep_line\"><\/span><\/span><span class=\"vc_sep_holder vc_sep_holder_r\"><span  class=\"vc_sep_line\"><\/span><\/span>\n<\/div><div class=\"vc_empty_space\"\n\t  style=\"height: 25px\"><span class=\"vc_empty_space_inner\"><\/span><\/div>\n<div id=\"ultimate-heading-761569e7a039d5852\" class=\"uvc-heading ult-adjust-bottom-margin ultimate-heading-761569e7a039d5852 uvc-7056\" data-hspacer=\"line_only\"  data-halign=\"center\" style=\"text-align:center\"><div class=\"uvc-main-heading ult-responsive\"  data-ultimate-target='.uvc-heading.ultimate-heading-761569e7a039d5852 h2'  data-responsive-json-new='{\"font-size\":\"desktop:130px;tablet:130px;tablet_portrait:110px;mobile_landscape:60px;mobile:30px;\",\"line-height\":\"desktop:130px;tablet:130px;tablet_portrait:130px;mobile_landscape:130px;mobile:130px;\"}' ><h2 style=\"font-weight:700;color:rgba(74,13,102,0.05);\">ORYA HOLDING<\/h2><\/div><div class=\"uvc-sub-heading ult-responsive\"  data-ultimate-target='.uvc-heading.ultimate-heading-761569e7a039d5852 .uvc-sub-heading '  data-responsive-json-new='{\"font-size\":\"desktop:23px;tablet:23px;tablet_portrait:23px;mobile_landscape:23px;mobile:18px;\",\"line-height\":\"desktop:34px;tablet:34px;tablet_portrait:34px;mobile_landscape:34px;mobile:28px;\"}'  style=\"font-weight:800;color:#4a2365;margin-top:-86px;\">ABOUT<\/div><div class=\"uvc-heading-spacer line_only\" style=\"margin-top:5px;height:3px;\"><span class=\"uvc-headings-line\" style=\"border-style:solid;border-bottom-width:3px;border-color:#4b2668;width:70px;\"><\/span><\/div><\/div><div class=\"vc_empty_space\"\n\t  style=\"height: 50px\"><span class=\"vc_empty_space_inner\"><\/span><\/div>\n<div class=\"vc_separator wpb_content_element vc_separator_align_center vc_sep_width_100 vc_sep_dotted vc_sep_pos_align_center vc_separator_no_text vc_sep_color_grey\" ><span class=\"vc_sep_holder vc_sep_holder_l\"><span  class=\"vc_sep_line\"><\/span><\/span><span class=\"vc_sep_holder vc_sep_holder_r\"><span  class=\"vc_sep_line\"><\/span><\/span>\n<\/div><div id=\"ultimate-heading-556569e7a039d5e6c\" class=\"uvc-heading ult-adjust-bottom-margin ultimate-heading-556569e7a039d5e6c uvc-6878\" data-hspacer=\"no_spacer\"  data-halign=\"left\" style=\"text-align:left\"><div class=\"uvc-heading-spacer no_spacer\" style=\"top\"><\/div><div class=\"uvc-sub-heading ult-responsive\"  data-ultimate-target='.uvc-heading.ultimate-heading-556569e7a039d5e6c .uvc-sub-heading '  data-responsive-json-new='{\"font-size\":\"desktop:15px;tablet:15px;tablet_portrait:15px;mobile_landscape:15px;mobile:13px;\",\"line-height\":\"desktop:25px;tablet:20px;tablet_portrait:20px;mobile_landscape:20px;mobile:20px;\"}'  style=\"font-weight:normal;color:#000000;margin-bottom:10px;\">Orya Holding that started off with projects in infrastructure engineering contributing to the development of industrial and welfare level, is active in national and international arena for more than 60 years. By blending its continuously growing knowledge and experience with innovation and quality, it is serving its clients at a high level.<\/div><\/div><div class=\"vc_empty_space\"\n\t  style=\"height: 50px\"><span class=\"vc_empty_space_inner\"><\/span><\/div>\n<div class=\"vc_separator wpb_content_element vc_separator_align_center vc_sep_width_100 vc_sep_dotted vc_sep_pos_align_center vc_separator_no_text vc_sep_color_grey\" ><span class=\"vc_sep_holder vc_sep_holder_l\"><span  class=\"vc_sep_line\"><\/span><\/span><span class=\"vc_sep_holder vc_sep_holder_r\"><span  class=\"vc_sep_line\"><\/span><\/span>\n<\/div><div id=\"ultimate-heading-785369e7a039d644e\" class=\"uvc-heading ult-adjust-bottom-margin ultimate-heading-785369e7a039d644e uvc-92\" data-hspacer=\"no_spacer\"  data-halign=\"left\" style=\"text-align:left\"><div class=\"uvc-heading-spacer no_spacer\" style=\"top\"><\/div><div class=\"uvc-main-heading ult-responsive\"  data-ultimate-target='.uvc-heading.ultimate-heading-785369e7a039d644e h2'  data-responsive-json-new='{\"font-size\":\"desktop:20px;tablet:20px;tablet_portrait:20px;mobile_landscape:20px;mobile:16px;\",\"line-height\":\"desktop:35px;tablet:35px;tablet_portrait:35px;mobile_landscape:25px;mobile:20px;\"}' ><h2 style=\"font-weight:700;color:#4a0d66;\">FOUNDER<\/h2><\/div><div class=\"uvc-sub-heading ult-responsive\"  data-ultimate-target='.uvc-heading.ultimate-heading-785369e7a039d644e .uvc-sub-heading '  data-responsive-json-new='{\"font-size\":\"desktop:15px;tablet:15px;tablet_portrait:15px;mobile_landscape:15px;mobile:13px;\",\"line-height\":\"desktop:25px;tablet:20px;tablet_portrait:20px;mobile_landscape:20px;mobile:20px;\"}'  style=\"font-weight:normal;color:#000000;margin-bottom:10px;\">Orhan Yavuz born in Afyon in 1924, graduated from Istanbul Technical University, Civil Engineering Department in 1949.<\/p>\n<p>He served in General Directorate of Highways until 1953 and then continued his business life as contractor and realized many infrastructure projects in different regions of the country such as highways, railroads, airports, liquid fuel lines and facilities.<\/p>\n<p>In 1967, he entered industial sector by founding a company named Umran Steel Pipe, Inc.<\/p>\n<p>Orhan Yavuz is among the founders of INTES (Turkish Employers Association of Construction Industries), Afyon Education Foundation, Atat\u00fcrk Foundation and Tema Foundation and is also the founder of the Technical Education Foundation bearing his name.<\/p>\n<p>He is honorary member of Turkish Red Crescent and is actively supporting many social aid and development projects.<\/p>\n<p>In 2008, he has been awarded \"Honorary PhD\" title by Istanbul Technical University for his contributions to the profession.<\/div><\/div><div class=\"vc_empty_space\"\n\t  style=\"height: 50px\"><span class=\"vc_empty_space_inner\"><\/span><\/div>\n<div class=\"vc_separator wpb_content_element vc_separator_align_center vc_sep_width_100 vc_sep_dotted vc_sep_pos_align_center vc_separator_no_text vc_sep_color_grey\" ><span class=\"vc_sep_holder vc_sep_holder_l\"><span  class=\"vc_sep_line\"><\/span><\/span><span class=\"vc_sep_holder vc_sep_holder_r\"><span  class=\"vc_sep_line\"><\/span><\/span>\n<\/div><div id=\"ultimate-heading-794369e7a039d6a3d\" class=\"uvc-heading ult-adjust-bottom-margin ultimate-heading-794369e7a039d6a3d uvc-3534\" data-hspacer=\"no_spacer\"  data-halign=\"left\" style=\"text-align:left\"><div class=\"uvc-heading-spacer no_spacer\" style=\"top\"><\/div><div class=\"uvc-main-heading ult-responsive\"  data-ultimate-target='.uvc-heading.ultimate-heading-794369e7a039d6a3d h2'  data-responsive-json-new='{\"font-size\":\"desktop:20px;tablet:20px;tablet_portrait:20px;mobile_landscape:20px;mobile:16px;\",\"line-height\":\"desktop:35px;tablet:35px;tablet_portrait:35px;mobile_landscape:25px;mobile:20px;\"}' ><h2 style=\"font-weight:700;color:#4a0d66;\">Social Responsibility<\/h2><\/div><div class=\"uvc-sub-heading ult-responsive\"  data-ultimate-target='.uvc-heading.ultimate-heading-794369e7a039d6a3d .uvc-sub-heading '  data-responsive-json-new='{\"font-size\":\"desktop:15px;tablet:15px;tablet_portrait:15px;mobile_landscape:15px;mobile:13px;\",\"line-height\":\"desktop:25px;tablet:20px;tablet_portrait:20px;mobile_landscape:20px;mobile:20px;\"}'  style=\"font-weight:normal;color:#000000;margin-bottom:10px;\"><\/p>\n<h3>OYTEV - Orhan Yavuz Technical Education Foundation<\/h3>\n<p>It was established in 2007 by Engineer Orhan Yavuz, founder of ORYA HOLDING. The purpose of the foundation is to support mainly education and training, research and activities in health, culture, art and science areas aiming to increase the civilization level of the society.<\/p>\n<p>In line with this purpose, scholarships are given to students with insufficient financial status and social aids are given to the schools with a need. Also, translation and printing activities are supported in cooperation with ITU and academicians distinguished with their scientific work are awarded.<\/p>\n<p>OYTEV is evaluated by the Council of Ministers in \"Foundations Beneficial to Society\" status.<\/div><\/div><div class=\"vc_empty_space\"\n\t  style=\"height: 50px\"><span class=\"vc_empty_space_inner\"><\/span><\/div>\n<\/div><\/div><\/div><\/div>","protected":false},"excerpt":{"rendered":"<p>ORYA HOLD\u0130NGHAKKINDA End\u00fcstri ve refah d\u00fczeyinin geli\u015fmesine katk\u0131da bulunan altyap\u0131 m\u00fchendisli\u011fi alan\u0131ndaki projelerle yola \u00e7\u0131kan Orya Holding, 60 y\u0131ldan uzun bir s\u00fcredir ulusal ve uluslararas\u0131 arenada faaliyet g\u00f6stermektedir. \u0130novasyon ve kaliteyle, s\u00fcrekli b\u00fcy\u00fcyen birikim ve deneyimini harmanlayarak, m\u00fc\u015fterilerine \u00fcst d\u00fczeyde hizmet sunmaktad\u0131r. KURUCU1924 y\u0131l\u0131nda Afyon\u2019da do\u011fan Orhan Yavuz; 1949 y\u0131l\u0131nda \u0130stanbul Teknik \u00dcniversitesi, \u0130n\u015faat Fak\u00fcltesi\u2019nden&hellip;<\/p>","protected":false},"author":6,"featured_media":0,"parent":0,"menu_order":0,"comment_status":"closed","ping_status":"closed","template":"template-microsite.php","meta":[],"_links":{"self":[{"href":"https:\/\/www.oryapark.com\/en\/wp-json\/wp\/v2\/pages\/1251"}],"collection":[{"href":"https:\/\/www.oryapark.com\/en\/wp-json\/wp\/v2\/pages"}],"about":[{"href":"https:\/\/www.oryapark.com\/en\/wp-json\/wp\/v2\/types\/page"}],"author":[{"embeddable":true,"href":"https:\/\/www.oryapark.com\/en\/wp-json\/wp\/v2\/users\/6"}],"replies":[{"embeddable":true,"href":"https:\/\/www.oryapark.com\/en\/wp-json\/wp\/v2\/comments?post=1251"}],"version-history":[{"count":1,"href":"https:\/\/www.oryapark.com\/en\/wp-json\/wp\/v2\/pages\/1251\/revisions"}],"predecessor-version":[{"id":8849,"href":"https:\/\/www.oryapark.com\/en\/wp-json\/wp\/v2\/pages\/1251\/revisions\/8849"}],"wp:attachment":[{"href":"https:\/\/www.oryapark.com\/en\/wp-json\/wp\/v2\/media?parent=1251"}],"curies":[{"name":"wp","href":"https:\/\/api.w.org\/{rel}","templated":true}]}}